{"id":23480,"date":"2020-12-15T10:56:17","date_gmt":"2020-12-15T09:56:17","guid":{"rendered":"https:\/\/www.interbusinesschamber.com\/produit\/uriage-bariesun-stick-levres-spf-30-4g\/"},"modified":"2020-12-30T09:43:00","modified_gmt":"2020-12-30T08:43:00","slug":"uriage-bariesun-stick-levres-spf-30-4g","status":"publish","type":"product","link":"https:\/\/www.sopha-sahara.com\/en\/product\/uriage-bariesun-stick-levres-spf-30-4g\/","title":{"rendered":"URIAGE BARIESUN STICK LEVRES SPF 30 4G"},"content":{"rendered":"","protected":false},"excerpt":{"rendered":"<p>BARI\u00c9SUN Stick l\u00e8vres SPF30 prot\u00e8ge efficacement contre les UVA et les UVB tout en apportant douceur et confort.\u00a0<br \/>R\u00e9siste \u00e0 l&rsquo;eau.<\/p>\n<p>Assure une haute protection :<br \/>Son complexe filtrant anti UVA-UVB, le stick assure une haute protection.<\/p>\n<p>\u00a0Nourrit :<\/p>\n<p>Sa base hydratante enrichie en vitamines A, C, E et acides gras essentiels, le stick nourrit les l\u00e8vres.\u00a0<\/p>","protected":false},"featured_media":23576,"template":"","meta":{"arc_restricted_post":false},"product_cat":[48,333],"product_tag":[],"_links":{"self":[{"href":"https:\/\/www.sopha-sahara.com\/en\/wp-json\/wp\/v2\/product\/23480"}],"collection":[{"href":"https:\/\/www.sopha-sahara.com\/en\/wp-json\/wp\/v2\/product"}],"about":[{"href":"https:\/\/www.sopha-sahara.com\/en\/wp-json\/wp\/v2\/types\/product"}],"wp:featuredmedia":[{"embeddable":true,"href":"https:\/\/www.sopha-sahara.com\/en\/wp-json\/wp\/v2\/media\/23576"}],"wp:attachment":[{"href":"https:\/\/www.sopha-sahara.com\/en\/wp-json\/wp\/v2\/media?parent=23480"}],"wp:term":[{"taxonomy":"product_cat","embeddable":true,"href":"https:\/\/www.sopha-sahara.com\/en\/wp-json\/wp\/v2\/product_cat?post=23480"},{"taxonomy":"product_tag","embeddable":true,"href":"https:\/\/www.sopha-sahara.com\/en\/wp-json\/wp\/v2\/product_tag?post=23480"}],"curies":[{"name":"wp","href":"https:\/\/api.w.org\/{rel}","templated":true}]}}