{"id":23479,"date":"2020-12-15T10:56:14","date_gmt":"2020-12-15T09:56:14","guid":{"rendered":"https:\/\/www.interbusinesschamber.com\/produit\/uriage-tolederm-riche-creme-nutri-apaisante-50-ml\/"},"modified":"2020-12-30T11:18:26","modified_gmt":"2020-12-30T10:18:26","slug":"uriage-tolederm-riche-creme-nutri-apaisante-50-ml","status":"publish","type":"product","link":"https:\/\/www.sopha-sahara.com\/en\/product\/uriage-tolederm-riche-creme-nutri-apaisante-50-ml\/","title":{"rendered":"URIAGE TOLEDERM RICHE CREME NUTRI-APAISANTE 50 ML"},"content":{"rendered":"","protected":false},"excerpt":{"rendered":"<p>Cr\u00e8me Nutri-apaisante pr\u00e9ventive et curative texture riche.<br \/>Peaux s\u00e8ches ou tr\u00e8s s\u00e8ches, hyper-r\u00e9actives et intol\u00e9rantes.\u00a0<br \/>Calme les sensations d&rsquo;inconfort (picotements, tiraillements),\u00a0<br \/>hydrate et nourrit en profondeur.\u00a0<br \/>Visage et cou. La Cr\u00e8me Nutri-Apaisante Tol\u00e9derm Riche a \u00e9t\u00e9 sp\u00e9cialement \u00e9labor\u00e9e pour r\u00e9pondre aux besoins des peaux les plus s\u00e8ches, hyper-r\u00e9actives et intol\u00e9rantes et particuli\u00e8rement en hiver ou apr\u00e8s l&rsquo;\u00e9t\u00e9 quand la peau est encore plus dess\u00e9ch\u00e9e.<\/p>","protected":false},"featured_media":23664,"template":"","meta":{"arc_restricted_post":false},"product_cat":[48,333],"product_tag":[],"_links":{"self":[{"href":"https:\/\/www.sopha-sahara.com\/en\/wp-json\/wp\/v2\/product\/23479"}],"collection":[{"href":"https:\/\/www.sopha-sahara.com\/en\/wp-json\/wp\/v2\/product"}],"about":[{"href":"https:\/\/www.sopha-sahara.com\/en\/wp-json\/wp\/v2\/types\/product"}],"wp:featuredmedia":[{"embeddable":true,"href":"https:\/\/www.sopha-sahara.com\/en\/wp-json\/wp\/v2\/media\/23664"}],"wp:attachment":[{"href":"https:\/\/www.sopha-sahara.com\/en\/wp-json\/wp\/v2\/media?parent=23479"}],"wp:term":[{"taxonomy":"product_cat","embeddable":true,"href":"https:\/\/www.sopha-sahara.com\/en\/wp-json\/wp\/v2\/product_cat?post=23479"},{"taxonomy":"product_tag","embeddable":true,"href":"https:\/\/www.sopha-sahara.com\/en\/wp-json\/wp\/v2\/product_tag?post=23479"}],"curies":[{"name":"wp","href":"https:\/\/api.w.org\/{rel}","templated":true}]}}