{"id":23478,"date":"2020-12-15T10:56:14","date_gmt":"2020-12-15T09:56:14","guid":{"rendered":"https:\/\/www.interbusinesschamber.com\/produit\/uriage-depiderm-fluide-spf-15-30-ml\/"},"modified":"2020-12-30T10:11:37","modified_gmt":"2020-12-30T09:11:37","slug":"uriage-depiderm-fluide-spf-15-30-ml","status":"publish","type":"product","link":"https:\/\/www.sopha-sahara.com\/en\/product\/uriage-depiderm-fluide-spf-15-30-ml\/","title":{"rendered":"URIAGE DEPIDERM FLUIDE SPF 15 30 ML"},"content":{"rendered":"","protected":false},"excerpt":{"rendered":"<p>Le fluide D\u00e9piderm corrige les taches brunes et unifie le teint tout en assurant l&rsquo;hydratation et la protection de la peau. Son complexe Cx associe des actifs anti-taches, apaisants et anti-oxydants qui homog\u00e9n\u00e9isent le teint. Les AHA favorisent l&rsquo;exfoliation des cellules pigment\u00e9es de l&rsquo;\u00e9piderme. Le fluide contient \u00e9galement des filtres UV qui pr\u00e9viennent l&rsquo;apparition des taches. Jour apr\u00e8s jour, votre peau est unifi\u00e9e, souple et prot\u00e9g\u00e9e.<\/p>","protected":false},"featured_media":23597,"template":"","meta":{"arc_restricted_post":false},"product_cat":[48,333],"product_tag":[],"_links":{"self":[{"href":"https:\/\/www.sopha-sahara.com\/en\/wp-json\/wp\/v2\/product\/23478"}],"collection":[{"href":"https:\/\/www.sopha-sahara.com\/en\/wp-json\/wp\/v2\/product"}],"about":[{"href":"https:\/\/www.sopha-sahara.com\/en\/wp-json\/wp\/v2\/types\/product"}],"wp:featuredmedia":[{"embeddable":true,"href":"https:\/\/www.sopha-sahara.com\/en\/wp-json\/wp\/v2\/media\/23597"}],"wp:attachment":[{"href":"https:\/\/www.sopha-sahara.com\/en\/wp-json\/wp\/v2\/media?parent=23478"}],"wp:term":[{"taxonomy":"product_cat","embeddable":true,"href":"https:\/\/www.sopha-sahara.com\/en\/wp-json\/wp\/v2\/product_cat?post=23478"},{"taxonomy":"product_tag","embeddable":true,"href":"https:\/\/www.sopha-sahara.com\/en\/wp-json\/wp\/v2\/product_tag?post=23478"}],"curies":[{"name":"wp","href":"https:\/\/api.w.org\/{rel}","templated":true}]}}