{"id":23477,"date":"2020-12-15T10:56:13","date_gmt":"2020-12-15T09:56:13","guid":{"rendered":"https:\/\/www.interbusinesschamber.com\/produit\/uriage-depiderm-white-serum-reparateur-30ml-eclaircissant\/"},"modified":"2020-12-30T10:20:40","modified_gmt":"2020-12-30T09:20:40","slug":"uriage-depiderm-white-serum-reparateur-30ml-eclaircissant","status":"publish","type":"product","link":"https:\/\/www.sopha-sahara.com\/en\/product\/uriage-depiderm-white-serum-reparateur-30ml-eclaircissant\/","title":{"rendered":"URIAGE DEPIDERM WHITE SERUM REPARATEUR 30ML ECLAIRCISSANT"},"content":{"rendered":"<h4>Conseils d'utilisation:<\/h4>\n<p>Appliquer matin et soir en soin d'attaque ou uniquement le soir en entretien.<\/p>","protected":false},"excerpt":{"rendered":"<p>Double efficacit\u00e9 \u00e9claircissante et anti-\u00e2ge. Texture \u00ab\u00a0,oil-free\u00a0\u00bb, qui p\u00e9n\u00e8tre en profondeur pour intensifier l&rsquo;action \u00e9claircissante. Concentr\u00e9 en vitamine C, ce s\u00e9rum limite le processus de pigmentation Pour \u00e9claircir le teint et l&rsquo;unifier.<\/p>\n<p>Il lutte contre le vieillissement pr\u00e9matur\u00e9 de la peau en r\u00e9g\u00e9n\u00e9rant le tissu Dermique des cellules endommag\u00e9es par la pollution urbaine et prot\u00e8ge la Peau des agressions radicalaires Jour apr\u00e8s jour, la peau devient plus lumineuse, le teint est unifi\u00e9. le visage Para\u00eet plus jeune.<\/p>","protected":false},"featured_media":23604,"template":"","meta":{"arc_restricted_post":false},"product_cat":[48,333],"product_tag":[],"_links":{"self":[{"href":"https:\/\/www.sopha-sahara.com\/en\/wp-json\/wp\/v2\/product\/23477"}],"collection":[{"href":"https:\/\/www.sopha-sahara.com\/en\/wp-json\/wp\/v2\/product"}],"about":[{"href":"https:\/\/www.sopha-sahara.com\/en\/wp-json\/wp\/v2\/types\/product"}],"wp:featuredmedia":[{"embeddable":true,"href":"https:\/\/www.sopha-sahara.com\/en\/wp-json\/wp\/v2\/media\/23604"}],"wp:attachment":[{"href":"https:\/\/www.sopha-sahara.com\/en\/wp-json\/wp\/v2\/media?parent=23477"}],"wp:term":[{"taxonomy":"product_cat","embeddable":true,"href":"https:\/\/www.sopha-sahara.com\/en\/wp-json\/wp\/v2\/product_cat?post=23477"},{"taxonomy":"product_tag","embeddable":true,"href":"https:\/\/www.sopha-sahara.com\/en\/wp-json\/wp\/v2\/product_tag?post=23477"}],"curies":[{"name":"wp","href":"https:\/\/api.w.org\/{rel}","templated":true}]}}