{"id":23475,"date":"2020-12-15T10:56:12","date_gmt":"2020-12-15T09:56:12","guid":{"rendered":"https:\/\/www.interbusinesschamber.com\/produit\/uriage-xemose-stick-levres-4g\/"},"modified":"2020-12-30T11:24:05","modified_gmt":"2020-12-30T10:24:05","slug":"uriage-xemose-stick-levres-4g","status":"publish","type":"product","link":"https:\/\/www.sopha-sahara.com\/en\/product\/uriage-xemose-stick-levres-4g\/","title":{"rendered":"URIAGE XEMOSE STICK LEVRES 4G"},"content":{"rendered":"<p><strong>Atouts :<\/strong><br \/>* Stick longue dur\u00e9e.<br \/>* Ne casse pas.<br \/>* Ne fond pas.<\/p>\n<p><strong>Indications :<\/strong><br \/>L\u00e8vres ab\u00eem\u00e9es, gerc\u00e9es et dess\u00e9ch\u00e9es.<\/p>\n<p>&nbsp;<\/p>\n<p><strong>Formule :<\/strong><br \/>Composition : Huile de bourrache - Beurre de karit\u00e9 - Vitamines C et E.\u00a0<br \/>Sans parfum.<br \/>Haute tol\u00e9rance : Hypoallerg\u00e9nique<\/p>\n<div>\u00a0<\/div>\n<p><strong>Conseils d'utilisation :<\/strong><br \/>Appliquer aussi souvent que n\u00e9cessaire.<\/p>","protected":false},"excerpt":{"rendered":"<p>Stick apaisant et r\u00e9parateur, il hydrate les l\u00e8vres et les prot\u00e8ge des agressions quotidiennes (radicaux libres\u2026).<\/p>","protected":false},"featured_media":23671,"template":"","meta":{"arc_restricted_post":false},"product_cat":[48,333],"product_tag":[],"_links":{"self":[{"href":"https:\/\/www.sopha-sahara.com\/en\/wp-json\/wp\/v2\/product\/23475"}],"collection":[{"href":"https:\/\/www.sopha-sahara.com\/en\/wp-json\/wp\/v2\/product"}],"about":[{"href":"https:\/\/www.sopha-sahara.com\/en\/wp-json\/wp\/v2\/types\/product"}],"wp:featuredmedia":[{"embeddable":true,"href":"https:\/\/www.sopha-sahara.com\/en\/wp-json\/wp\/v2\/media\/23671"}],"wp:attachment":[{"href":"https:\/\/www.sopha-sahara.com\/en\/wp-json\/wp\/v2\/media?parent=23475"}],"wp:term":[{"taxonomy":"product_cat","embeddable":true,"href":"https:\/\/www.sopha-sahara.com\/en\/wp-json\/wp\/v2\/product_cat?post=23475"},{"taxonomy":"product_tag","embeddable":true,"href":"https:\/\/www.sopha-sahara.com\/en\/wp-json\/wp\/v2\/product_tag?post=23475"}],"curies":[{"name":"wp","href":"https:\/\/api.w.org\/{rel}","templated":true}]}}