{"id":23473,"date":"2020-12-15T10:56:11","date_gmt":"2020-12-15T09:56:11","guid":{"rendered":"https:\/\/www.interbusinesschamber.com\/produit\/uriage-eau-thermale-creme-deau-riche-spf20-visage-40ml\/"},"modified":"2020-12-30T10:36:12","modified_gmt":"2020-12-30T09:36:12","slug":"uriage-eau-thermale-creme-deau-riche-spf20-visage-40ml","status":"publish","type":"product","link":"https:\/\/www.sopha-sahara.com\/en\/product\/uriage-eau-thermale-creme-deau-riche-spf20-visage-40ml\/","title":{"rendered":"URIAGE EAU THERMALE CREME D&rsquo;EAU RICHE SPF20 VISAGE 40ML"},"content":{"rendered":"<div class=\"product-tabs\">\n<div class=\"title-border\">\n<h4 class=\"h2\">Conseils d'utilisation<\/h4>\n<\/div>\n<div class=\"std\">\n<p>Appliquer le matin sur l'ensemble du visage, sur une peau parfaitement nettoy\u00e9e et s\u00e9ch\u00e9e.<\/p>\n<\/div>\n<\/div>\n<div class=\"product-tabs\">\n<div class=\"title-border\">\n<h4 class=\"h2\">Composition<\/h4>\n<\/div>\n<div class=\"std\">\n<p>Formule INCI :\u00a0Aqua (Water, Eau), Ethylhexyl Methoxycinamate, Dimethicone, Ethylhexyl Salicylate, Butyl Methoxydibenzomethane, Butyrospermum Parkii Butter, Isocetyl Stearate, Diglycerin, Isononyl Isononanoate, Nylon-12, Squalane, Polymethyl Methacrylate, Steareth-21, Hydroxyethyl Acrylate\/Sodium Acryloyldimethyl Taurate Copolymer, Phenoxyethanol, Steareth-2, Butylene Glycol, Glycerin, Trehalose, Urea, Cetyl Alcohol, Parfum (Fragrance), Chlorphenesin, Tetrasodium Edta, Xylityl Glucoside, Anhydroxyitol, Citric Acid, O-Cymen-5-OL, Tocopheryl Acetate, Xanthan Gum, Pentylene Glycol, Serine, Polysorbate 60, Sorbitan Isostearate, Xylitol, Glucose, Algin, Caprylyl Glycol, Disodium Phosphate, Glyceryl Polyacrylate Pullulan, Sodium Hyaluronate, Ascorbyl Tetraisopalmitate, Bht, Potassium Phosphate.<\/p>\n<\/div>\n<\/div>","protected":false},"excerpt":{"rendered":"<p>URIAGE<br \/>Cr\u00e8me d&rsquo;eau riche SPF20<br \/>Hydrate, nourrit et illumine<br \/>Peaux s\u00e8ches \u00e0 tr\u00e8s s\u00e8ches<br \/>Hypoallerg\u00e9nique<br \/>40ml<\/p>\n<p>Plonger la peau dans un v\u00e9ritable \u00ab\u00a0Bain Thermal\u00a0\u00bb.<br \/>La tecture onctueuse et enveloppante de cette cr\u00e8me riche fond d\u00e9licieusement sur la peau, la prot\u00e8ge des UV et l&rsquo;infuse de son complexe hydratant unique en trois temps pour :<\/p>\n<ul>\n<li>R\u00e9g\u00e9nerer l&rsquo;hydratation de la peau.<\/li>\n<li>optimiser l&rsquo;hydration en continu de l&rsquo;\u00e9piderme.<\/li>\n<li>Restaurer l&rsquo;effet barri\u00e8re de la peau et limiter sa d\u00e9shydratation.<\/li>\n<\/ul>\n<p>Parfaitement nourrie et prot\u00e9g\u00e9e, la peau s&rsquo;\u00e9veille et s&rsquo;assouplit.<\/p>","protected":false},"featured_media":23627,"template":"","meta":{"arc_restricted_post":false},"product_cat":[48,333],"product_tag":[],"_links":{"self":[{"href":"https:\/\/www.sopha-sahara.com\/en\/wp-json\/wp\/v2\/product\/23473"}],"collection":[{"href":"https:\/\/www.sopha-sahara.com\/en\/wp-json\/wp\/v2\/product"}],"about":[{"href":"https:\/\/www.sopha-sahara.com\/en\/wp-json\/wp\/v2\/types\/product"}],"wp:featuredmedia":[{"embeddable":true,"href":"https:\/\/www.sopha-sahara.com\/en\/wp-json\/wp\/v2\/media\/23627"}],"wp:attachment":[{"href":"https:\/\/www.sopha-sahara.com\/en\/wp-json\/wp\/v2\/media?parent=23473"}],"wp:term":[{"taxonomy":"product_cat","embeddable":true,"href":"https:\/\/www.sopha-sahara.com\/en\/wp-json\/wp\/v2\/product_cat?post=23473"},{"taxonomy":"product_tag","embeddable":true,"href":"https:\/\/www.sopha-sahara.com\/en\/wp-json\/wp\/v2\/product_tag?post=23473"}],"curies":[{"name":"wp","href":"https:\/\/api.w.org\/{rel}","templated":true}]}}