{"id":23472,"date":"2020-12-15T10:56:10","date_gmt":"2020-12-15T09:56:10","guid":{"rendered":"https:\/\/www.interbusinesschamber.com\/produit\/uriage-eau-thermale-brume-deau-spf30-50ml\/"},"modified":"2020-12-30T10:34:58","modified_gmt":"2020-12-30T09:34:58","slug":"uriage-eau-thermale-brume-deau-spf30-50ml","status":"publish","type":"product","link":"https:\/\/www.sopha-sahara.com\/en\/product\/uriage-eau-thermale-brume-deau-spf30-50ml\/","title":{"rendered":"URIAGE EAU THERMALE BRUME D&rsquo;EAU SPF30 50ML"},"content":{"rendered":"<h4>R\u00e9g\u00e9n\u00e8re l\u2019hydratation de la peau<\/h4>\n<p>Enrichie en Eau Thermale d\u2019Uriage, cette brume s\u00e8che ultra-hydratante aide \u00e0 reconstruire la barri\u00e8re cutan\u00e9e pour maintenir un taux d\u2019hydratation optimal.<\/p>\n<h4>Optimise l\u2019hydratation en continu de l\u2019\u00e9piderme<\/h4>\n<p>Permet de reformer un film de surface et de lib\u00e9rer progressivement les agents hydratants contenus dans la Brume d\u2019Eau.<\/p>\n<h4>Restaure l\u2019effet barri\u00e8re de la peau et limite sa d\u00e9shydratation<\/h4>\n<p>Agit sur la reconstruction du ciment corn\u00e9ocytaire pour booster durablement l\u2019hydratation.<\/p>\n<h4>Prot\u00e8ge la peau<\/h4>\n<p>Bouclier anti-pollution et filtre UV pour une protection UVA\/UVB.<\/p>\n<h4>R\u00c9SULTATS<\/h4>\n<p class=\"title-xlarge mvn\">+41%<\/p>\n<p>d\u2019hydratation apr\u00e8s 8h.* Pas d\u2019effet gras constat\u00e9 par 89% des sujets** et 95% des personnes ont not\u00e9 que leur peau est hydrat\u00e9e imm\u00e9diatement.**<\/p>\n<p>*\u00c9tude corn\u00e9om\u00e9trique r\u00e9alis\u00e9e sous contr\u00f4le dermatologique sur 10 sujets.\u00a0<br \/>**Etude d\u2019auto-\u00e9valuation r\u00e9alis\u00e9e sous contr\u00f4le dermatologique sur 19 sujets \u00e2g\u00e9s de 23 \u00e0 69 ans. 2 \u00e0 3 applications par jour durant 3 semaines.<\/p>\n<h4>Conseils<\/h4>\n<p>Bien agiter avant emploi. Fermer les yeux puis brumiser en tenant le flacon \u00e0 20cm du visage et du cou. Pulv\u00e9risez aussi souvent que vous en ressentez le besoin. Un geste de soin \u00e0 consommer sans mod\u00e9ration. Laissez agir. Ne pas s\u00e9cher, ni tamponner pour renforcer la p\u00e9n\u00e9tration de ses composants.<\/p>","protected":false},"excerpt":{"rendered":"<p>Innovation thermale : pour la premi\u00e8re fois, une brume thermale hydrate et prot\u00e8ge parfaitement la peau des UV et de la pollution ! Un geste facile et rapide \u00e0 renouveler dans la journ\u00e9e. Aussi invisible qu\u2019efficace, cette brume s\u00e8che et fine fond d\u00e9licieusement sur la peau et l\u2019infuse de son complexe hydratant unique.<\/p>","protected":false},"featured_media":23622,"template":"","meta":{"arc_restricted_post":false},"product_cat":[48,333],"product_tag":[],"_links":{"self":[{"href":"https:\/\/www.sopha-sahara.com\/en\/wp-json\/wp\/v2\/product\/23472"}],"collection":[{"href":"https:\/\/www.sopha-sahara.com\/en\/wp-json\/wp\/v2\/product"}],"about":[{"href":"https:\/\/www.sopha-sahara.com\/en\/wp-json\/wp\/v2\/types\/product"}],"wp:featuredmedia":[{"embeddable":true,"href":"https:\/\/www.sopha-sahara.com\/en\/wp-json\/wp\/v2\/media\/23622"}],"wp:attachment":[{"href":"https:\/\/www.sopha-sahara.com\/en\/wp-json\/wp\/v2\/media?parent=23472"}],"wp:term":[{"taxonomy":"product_cat","embeddable":true,"href":"https:\/\/www.sopha-sahara.com\/en\/wp-json\/wp\/v2\/product_cat?post=23472"},{"taxonomy":"product_tag","embeddable":true,"href":"https:\/\/www.sopha-sahara.com\/en\/wp-json\/wp\/v2\/product_tag?post=23472"}],"curies":[{"name":"wp","href":"https:\/\/api.w.org\/{rel}","templated":true}]}}