{"id":23471,"date":"2020-12-15T10:56:10","date_gmt":"2020-12-15T09:56:10","guid":{"rendered":"https:\/\/www.interbusinesschamber.com\/produit\/uriage-eau-thermale-creme-deau-mains-seches-50ml\/"},"modified":"2020-12-30T10:35:30","modified_gmt":"2020-12-30T09:35:30","slug":"uriage-eau-thermale-creme-deau-mains-seches-50ml","status":"publish","type":"product","link":"https:\/\/www.sopha-sahara.com\/en\/product\/uriage-eau-thermale-creme-deau-mains-seches-50ml\/","title":{"rendered":"URIAGE EAU THERMALE CREME D&rsquo;EAU MAINS SECHES 50ML"},"content":{"rendered":"<div class=\"product-tabs\">\n<div class=\"title-border\">\n<h4 class=\"h2\">Conseils d'utilisation<\/h4>\n<\/div>\n<div class=\"std\">\n<p>Appliquer sur mains aussi souvent que n\u00e9cessaire.<\/p>\n<\/div>\n<\/div>\n<div class=\"product-tabs\">\n<div class=\"title-border\">\n<h4 class=\"h2\">Composition<\/h4>\n<\/div>\n<div class=\"std\">\n<p>Formule INCI :\u00a0Aqua (Eau), Glyc\u00e9rine, Dimethicone, Butylene Glycol, Butyrospermum Parkii Butter, Cetyl Alcohol, Cetearyl Isononanoate, Isononyl Isononanoate, Glyceryl Behenate, Potassium Cetyl Phosphate, Hydroxyethylacrylate\/Sodium Acryloyldimethyltaurate Copolymer, Phenoxyethanol, Glyceryl Stearate, Peg-100 Stearate, Parfum (Fragrance), Chlorphenesin, Tocopheryl Acetate, O-Cymen-5-Ol, Xanthan Gum, Polysorbate 60, Sorbitan Isostearate, Sodium Hydroxide, Citric Acid.<\/p>\n<\/div>\n<\/div>","protected":false},"excerpt":{"rendered":"<p>URIAGE<br \/>Eau Thermale\u00a0<br \/>Cr\u00e8me d&rsquo;Eau Mains<br \/>Hydrate, Prot\u00e8ge et Adoucit<br \/>Mains s\u00e8ches<br \/>50ml<\/p>\n<p>Sa texture, non-grasse et agr\u00e9ablement parfum\u00e9 apporte douceur et confort aux mains s\u00e8ches et fragilis\u00e9es.\u00a0<\/p>","protected":false},"featured_media":23626,"template":"","meta":{"arc_restricted_post":false},"product_cat":[48,333],"product_tag":[],"_links":{"self":[{"href":"https:\/\/www.sopha-sahara.com\/en\/wp-json\/wp\/v2\/product\/23471"}],"collection":[{"href":"https:\/\/www.sopha-sahara.com\/en\/wp-json\/wp\/v2\/product"}],"about":[{"href":"https:\/\/www.sopha-sahara.com\/en\/wp-json\/wp\/v2\/types\/product"}],"wp:featuredmedia":[{"embeddable":true,"href":"https:\/\/www.sopha-sahara.com\/en\/wp-json\/wp\/v2\/media\/23626"}],"wp:attachment":[{"href":"https:\/\/www.sopha-sahara.com\/en\/wp-json\/wp\/v2\/media?parent=23471"}],"wp:term":[{"taxonomy":"product_cat","embeddable":true,"href":"https:\/\/www.sopha-sahara.com\/en\/wp-json\/wp\/v2\/product_cat?post=23471"},{"taxonomy":"product_tag","embeddable":true,"href":"https:\/\/www.sopha-sahara.com\/en\/wp-json\/wp\/v2\/product_tag?post=23471"}],"curies":[{"name":"wp","href":"https:\/\/api.w.org\/{rel}","templated":true}]}}