{"id":23470,"date":"2020-12-15T10:56:09","date_gmt":"2020-12-15T09:56:09","guid":{"rendered":"https:\/\/www.interbusinesschamber.com\/produit\/uriage-eau-thermale-soin-deau-contour-des-yeux-15ml\/"},"modified":"2020-12-30T10:50:35","modified_gmt":"2020-12-30T09:50:35","slug":"uriage-eau-thermale-soin-deau-contour-des-yeux-15ml","status":"publish","type":"product","link":"https:\/\/www.sopha-sahara.com\/en\/product\/uriage-eau-thermale-soin-deau-contour-des-yeux-15ml\/","title":{"rendered":"URIAGE EAU THERMALE SOIN D&rsquo;EAU CONTOUR DES YEUX 15ML"},"content":{"rendered":"<p><strong>Principes actifs :<\/strong><br \/>Complexe Hydro-Thermal<br \/>Sulfate de Dextran<br \/>Hypoallerg\u00e9nique<br \/>Sans parfum<\/p>\n<p><strong>CONSEILS D'UTILISATION :<\/strong><br \/>Appliquer le soin matin et\/ou soir avant le maquillage, par l\u00e9gers tapotements sur tout le contour de l'\u0153il.\u00a0<\/p>","protected":false},"excerpt":{"rendered":"<p>L&rsquo;effet d\u00e9froissant de ce Soin d\u2019Eau diminue l\u2019apparence des ridules de d\u00e9shydratation. L\u2019apparence des cernes est r\u00e9duite tout en conf\u00e9rant une sensation de fra\u00eecheur. Ce soin hydrate l&rsquo;\u00e9piderme d\u00e9licat du contour des yeux.<\/p>\n<p>R\u00e9g\u00e9n\u00e8re l\u2019hydratation de la peau<br \/>Ce Soin d\u2019Eau Contour des Yeux enrichi en Eau Thermale d\u2019Uriage aide \u00e0 reconstruire la barri\u00e8re cutan\u00e9e pour maintenir un taux d\u2019hydratation optimal.<\/p>\n<p>Optimise l\u2019hydratation en continu de l\u2019\u00e9piderme<br \/>Permet de reformer un film de surface et de lib\u00e9rer progressivement les agents hydratants contenus dans le Soin d\u2019Eau Contour des Yeux.<\/p>\n<p>Restaure l\u2019effet barri\u00e8re de la peau et limiter sa d\u00e9shydratation<br \/>Agit sur la reconstruction du ciment corn\u00e9ocytaire pour booster durablement l\u2019hydratation.<\/p>\n<p>R\u00e9veille l\u2019\u00e9clat du regard<br \/>Sa texture fra\u00eeche illumine et d\u00e9fatigue instantan\u00e9ment le contour de l\u2019\u0153il.\u00a0<\/p>","protected":false},"featured_media":23632,"template":"","meta":{"arc_restricted_post":false},"product_cat":[48,333],"product_tag":[],"_links":{"self":[{"href":"https:\/\/www.sopha-sahara.com\/en\/wp-json\/wp\/v2\/product\/23470"}],"collection":[{"href":"https:\/\/www.sopha-sahara.com\/en\/wp-json\/wp\/v2\/product"}],"about":[{"href":"https:\/\/www.sopha-sahara.com\/en\/wp-json\/wp\/v2\/types\/product"}],"wp:featuredmedia":[{"embeddable":true,"href":"https:\/\/www.sopha-sahara.com\/en\/wp-json\/wp\/v2\/media\/23632"}],"wp:attachment":[{"href":"https:\/\/www.sopha-sahara.com\/en\/wp-json\/wp\/v2\/media?parent=23470"}],"wp:term":[{"taxonomy":"product_cat","embeddable":true,"href":"https:\/\/www.sopha-sahara.com\/en\/wp-json\/wp\/v2\/product_cat?post=23470"},{"taxonomy":"product_tag","embeddable":true,"href":"https:\/\/www.sopha-sahara.com\/en\/wp-json\/wp\/v2\/product_tag?post=23470"}],"curies":[{"name":"wp","href":"https:\/\/api.w.org\/{rel}","templated":true}]}}