{"id":23469,"date":"2020-12-15T10:56:08","date_gmt":"2020-12-15T09:56:08","guid":{"rendered":"https:\/\/www.interbusinesschamber.com\/produit\/uriage-eau-thermale-creme-deau-riche-creme-hydratante-40ml\/"},"modified":"2020-12-30T10:45:25","modified_gmt":"2020-12-30T09:45:25","slug":"uriage-eau-thermale-creme-deau-riche-creme-hydratante-40ml","status":"publish","type":"product","link":"https:\/\/www.sopha-sahara.com\/en\/product\/uriage-eau-thermale-creme-deau-riche-creme-hydratante-40ml\/","title":{"rendered":"URIAGE EAU THERMALE CR\u00c8ME D\u2019EAU RICHE CR\u00c8ME HYDRATANTE 40ML"},"content":{"rendered":"<div>\n<div>Principes actifs<\/div>\n<div>Complexe Hydro-Thermal<\/div>\n<div>Beurre de Karit\u00e9<\/div>\n<div>Parfum<\/div>\n<div>Hypoallerg\u00e9nique<\/div>\n<div>Test\u00e9 sous contr\u00f4l\u00e9 dermatologique<\/div>\n<\/div>\n<div>\u00a0<\/div>\n<div><strong>CONSEILS D'UTILISATION :<\/strong><\/div>\n<div>Appliquez matin et\/ou soir sur le visage, le cou et le d\u00e9collet\u00e9 parfaitement nettoy\u00e9s. Evitez le contour des yeux.<\/div>","protected":false},"excerpt":{"rendered":"<div>Hydratante, cette cr\u00e8me \u00e0 la texture riche et onctueuse nourrit les peaux les plus assoiff\u00e9es en profondeur. La Cr\u00e8me d\u2019Eau Riche apporte un confort instantan\u00e9 pour une peau \u00e9clatante tout au long de la journ\u00e9e.<\/div>\n<div>\u00a0<\/div>\n<div>R\u00e9g\u00e9n\u00e8re l\u2019hydratation de la peau<\/div>\n<div>Cette Cr\u00e8me d\u2019Eau Riche formul\u00e9e \u00e0 base d\u2019Eau Thermale d\u2019Uriage aide \u00e0 reconstruire la barri\u00e8re cutan\u00e9e pour maintenir un taux d\u2019hydratation optimal.<\/div>\n<div>\u00a0<\/div>\n<div>Optimise l\u2019hydratation en continu de l\u2019\u00e9piderme<\/div>\n<div>Permet de reformer un film de surface et de lib\u00e9rer progressivement les agents hydratants contenus dans la Cr\u00e8me d\u2019Eau Riche.<\/div>\n<div>\u00a0<\/div>\n<div>Restaure l\u2019effet barri\u00e8re de la peau et limiter sa d\u00e9shydratation<\/div>\n<div>Agit sur la reconstruction du ciment corn\u00e9ocytaire pour booster durablement l\u2019hydratation.<\/div>\n<div>\u00a0<\/div>\n<div>Diminue les sensations d\u2019inconfort<\/div>\n<div>Parfaitement nourrie et r\u00e9confort\u00e9e, la peau s\u2019\u00e9veille et s\u2019assouplit gr\u00e2ce \u00e0 une formule enrichie en Beurre de Karit\u00e9.\u00a0<\/div>","protected":false},"featured_media":23625,"template":"","meta":{"arc_restricted_post":false},"product_cat":[48,333],"product_tag":[],"_links":{"self":[{"href":"https:\/\/www.sopha-sahara.com\/en\/wp-json\/wp\/v2\/product\/23469"}],"collection":[{"href":"https:\/\/www.sopha-sahara.com\/en\/wp-json\/wp\/v2\/product"}],"about":[{"href":"https:\/\/www.sopha-sahara.com\/en\/wp-json\/wp\/v2\/types\/product"}],"wp:featuredmedia":[{"embeddable":true,"href":"https:\/\/www.sopha-sahara.com\/en\/wp-json\/wp\/v2\/media\/23625"}],"wp:attachment":[{"href":"https:\/\/www.sopha-sahara.com\/en\/wp-json\/wp\/v2\/media?parent=23469"}],"wp:term":[{"taxonomy":"product_cat","embeddable":true,"href":"https:\/\/www.sopha-sahara.com\/en\/wp-json\/wp\/v2\/product_cat?post=23469"},{"taxonomy":"product_tag","embeddable":true,"href":"https:\/\/www.sopha-sahara.com\/en\/wp-json\/wp\/v2\/product_tag?post=23469"}],"curies":[{"name":"wp","href":"https:\/\/api.w.org\/{rel}","templated":true}]}}