{"id":23468,"date":"2020-12-15T10:56:08","date_gmt":"2020-12-15T09:56:08","guid":{"rendered":"https:\/\/www.interbusinesschamber.com\/produit\/uriage-eau-thermale-creme-deau-legere-spf20-creme-hydratante-et-protectrice-40-ml\/"},"modified":"2020-12-30T10:44:44","modified_gmt":"2020-12-30T09:44:44","slug":"uriage-eau-thermale-creme-deau-legere-spf20-creme-hydratante-et-protectrice-40-ml","status":"publish","type":"product","link":"https:\/\/www.sopha-sahara.com\/en\/product\/uriage-eau-thermale-creme-deau-legere-spf20-creme-hydratante-et-protectrice-40-ml\/","title":{"rendered":"URIAGE EAU THERMALE CR\u00c8ME D\u2019EAU L\u00c9G\u00c8RE SPF20 CR\u00c8ME HYDRATANTE ET PROTECTRICE 40 ML"},"content":{"rendered":"<p><strong>Principes actifs :<\/strong><br \/>Complexe Hydro-Thermal<br \/>Filtres UVA\/UVB<br \/>Vitamines E &amp; C<br \/>Parfum<br \/>Hypoallerg\u00e9nique<br \/>Test\u00e9e sous contr\u00f4le dermatologique<br \/>Protection UVA\/UVB anti-pollution<\/p>\n<p><strong>CONSEILS D'UTILISATION :<\/strong><br \/>Appliquez le matin sur le visage, le cou et le d\u00e9collet\u00e9 parfaitement nettoy\u00e9s. Evitez le contact avec les yeux.<\/p>","protected":false},"excerpt":{"rendered":"<p>Rafra\u00eechissante et vivifiante, cette cr\u00e8me l\u00e9g\u00e8re hydrate la peau et contient des actifs qui contribuent \u00e0 la pr\u00e9server des effets n\u00e9fastes de la pollution urbaine. Il la prot\u00e8ge \u00e9galement des UVA et UVB gr\u00e2ce \u00e0 un filtre SPF20.<\/p>\n<p>R\u00e9g\u00e9n\u00e8re l\u2019hydratation de la peau<br \/>Cette Cr\u00e8me d\u2019Eau L\u00e9g\u00e8re enrichie en Eau Thermale d\u2019Uriage aide \u00e0 reconstruire la barri\u00e8re cutan\u00e9e pour maintenir un taux d\u2019hydratation optimal.<\/p>\n<p>Optimise l\u2019hydratation en continu de l\u2019\u00e9piderme<br \/>Permet de reformer un film de surface et de lib\u00e9rer progressivement les agents hydratants contenus dans la Cr\u00e8me d\u2019Eau.<\/p>\n<p>Restaure l\u2019effet barri\u00e8re de la peau et limiter sa d\u00e9shydratation<br \/>Agit sur la reconstruction du ciment corn\u00e9ocytaire pour booster durablement l\u2019hydratation.<\/p>\n<p>Prot\u00e8ge la peau<br \/>Bouclier anti-pollution et filtre UV pour une protection UVA\/UVB.<\/p>","protected":false},"featured_media":23624,"template":"","meta":{"arc_restricted_post":false},"product_cat":[48,333],"product_tag":[],"_links":{"self":[{"href":"https:\/\/www.sopha-sahara.com\/en\/wp-json\/wp\/v2\/product\/23468"}],"collection":[{"href":"https:\/\/www.sopha-sahara.com\/en\/wp-json\/wp\/v2\/product"}],"about":[{"href":"https:\/\/www.sopha-sahara.com\/en\/wp-json\/wp\/v2\/types\/product"}],"wp:featuredmedia":[{"embeddable":true,"href":"https:\/\/www.sopha-sahara.com\/en\/wp-json\/wp\/v2\/media\/23624"}],"wp:attachment":[{"href":"https:\/\/www.sopha-sahara.com\/en\/wp-json\/wp\/v2\/media?parent=23468"}],"wp:term":[{"taxonomy":"product_cat","embeddable":true,"href":"https:\/\/www.sopha-sahara.com\/en\/wp-json\/wp\/v2\/product_cat?post=23468"},{"taxonomy":"product_tag","embeddable":true,"href":"https:\/\/www.sopha-sahara.com\/en\/wp-json\/wp\/v2\/product_tag?post=23468"}],"curies":[{"name":"wp","href":"https:\/\/api.w.org\/{rel}","templated":true}]}}