{"id":23467,"date":"2020-12-15T10:56:07","date_gmt":"2020-12-15T09:56:07","guid":{"rendered":"https:\/\/www.interbusinesschamber.com\/produit\/uriage-eau-thermale-creme-deau-legere-creme-hydratante-eaux-tous-types-de-peaux-40-ml\/"},"modified":"2020-12-30T10:36:49","modified_gmt":"2020-12-30T09:36:49","slug":"uriage-eau-thermale-creme-deau-legere-creme-hydratante-eaux-tous-types-de-peaux-40-ml","status":"publish","type":"product","link":"https:\/\/www.sopha-sahara.com\/en\/product\/uriage-eau-thermale-creme-deau-legere-creme-hydratante-eaux-tous-types-de-peaux-40-ml\/","title":{"rendered":"URIAGE EAU THERMALE CR\u00c8ME D\u2019EAU L\u00c9G\u00c8RE CR\u00c8ME HYDRATANTE EAUX TOUS TYPES DE PEAUX 40 ML"},"content":{"rendered":"<p><strong>CONSEILS D'UTILISATION :<\/strong><\/p>\n<p>Appliquez matin et\/ou soir sur le visage et le d\u00e9collet\u00e9 parfaitement nettoy\u00e9s. Eviter le contact avec les yeux.<\/p>","protected":false},"excerpt":{"rendered":"<p>A la fois nourrissante et ultra-l\u00e9g\u00e8re, la Cr\u00e8me d\u2019Eau fond d\u00e9licieusement sur la peau et l\u2019infuse de son complexe hydratant unique. Vivifiante, non grasse, imm\u00e9diatement absorb\u00e9e, elle offre douceur et \u00e9clat aux peaux normales \u00e0 mixtes tout au long de la journ\u00e9e.<\/p>\n<p>R\u00e9g\u00e9n\u00e8re l\u2019hydratation de la peau<br \/>Cette Cr\u00e8me d\u2019Eau L\u00e9g\u00e8re enrichie en Eau Thermale d\u2019Uriage aide \u00e0 reconstruire la barri\u00e8re cutan\u00e9e pour maintenir un taux d\u2019hydratation optimal.<\/p>\n<p>Optimise l\u2019hydratation en continu de l\u2019\u00e9piderme<br \/>Permet de reformer un film de surface et de lib\u00e9rer progressivement les agents hydratants qu\u2019il contient.<\/p>\n<p>Restaure l\u2019effet barri\u00e8re de la peau et limite sa d\u00e9shydratation<br \/>Agit sur la reconstruction du ciment corn\u00e9ocytaire pour booster durablement l\u2019hydratation.<\/p>\n<p>&nbsp;<\/p>","protected":false},"featured_media":23623,"template":"","meta":{"arc_restricted_post":false},"product_cat":[48,333],"product_tag":[],"_links":{"self":[{"href":"https:\/\/www.sopha-sahara.com\/en\/wp-json\/wp\/v2\/product\/23467"}],"collection":[{"href":"https:\/\/www.sopha-sahara.com\/en\/wp-json\/wp\/v2\/product"}],"about":[{"href":"https:\/\/www.sopha-sahara.com\/en\/wp-json\/wp\/v2\/types\/product"}],"wp:featuredmedia":[{"embeddable":true,"href":"https:\/\/www.sopha-sahara.com\/en\/wp-json\/wp\/v2\/media\/23623"}],"wp:attachment":[{"href":"https:\/\/www.sopha-sahara.com\/en\/wp-json\/wp\/v2\/media?parent=23467"}],"wp:term":[{"taxonomy":"product_cat","embeddable":true,"href":"https:\/\/www.sopha-sahara.com\/en\/wp-json\/wp\/v2\/product_cat?post=23467"},{"taxonomy":"product_tag","embeddable":true,"href":"https:\/\/www.sopha-sahara.com\/en\/wp-json\/wp\/v2\/product_tag?post=23467"}],"curies":[{"name":"wp","href":"https:\/\/api.w.org\/{rel}","templated":true}]}}