{"id":23466,"date":"2020-12-15T10:56:07","date_gmt":"2020-12-15T09:56:07","guid":{"rendered":"https:\/\/www.interbusinesschamber.com\/produit\/uriage-bariesun-huile-seche-spf-50-tres-haute-protection-200ml\/"},"modified":"2020-12-31T10:04:31","modified_gmt":"2020-12-31T09:04:31","slug":"uriage-bariesun-huile-seche-spf-50-tres-haute-protection-200ml","status":"publish","type":"product","link":"https:\/\/www.sopha-sahara.com\/en\/product\/uriage-bariesun-huile-seche-spf-50-tres-haute-protection-200ml\/","title":{"rendered":"URIAGE BARIESUN HUILE SECHE SPF 50+ TRES HAUTE PROTECTION 200ML"},"content":{"rendered":"<div class=\"product-tabs\">\n<div class=\"title-border\">\n<h5 class=\"h2\">Conseils d'utilisation<\/h5>\n<\/div>\n<div class=\"std\">\n<p>Pulv\u00e9riser une dose g\u00e9n\u00e9reuse et homog\u00e8ne sur le corps et les cheveux avant toute exposition au soleil.\u00a0<br \/>Renouveler l\u2019application fr\u00e9quemment, surtout apr\u00e8s avoir transpir\u00e9, nag\u00e9 ou s\u2019\u00eatre essuy\u00e9.<\/p>\n<hr \/>\n<p><em>M\u00eame bien prot\u00e9g\u00e9, r\u00e9duire au maxium l'exposition.<br \/><\/em><em>Ne pas exposer les b\u00e9b\u00e9s et les jeunes enfants directement au soleil.<\/em><\/p>\n<\/div>\n<\/div>\n<div class=\"product-tabs\">\n<div class=\"title-border\">\n<h5 class=\"h2\">Composition<\/h5>\n<\/div>\n<div class=\"std\">\n<p>Formule INCI : dicaprylyl carbonate, isohexadecane, dimethylamino hydroxybenzoyl hexyl benzoate, ethylhexyl, methoxycinnamate, butyl methodibenzoylmethane, ethylhexyl salicylate, ethylhexyl triazone, bie-ethylhexyl, \u00a0oxyphenol methoxyphenyl triazine, hydrogenated polydecene, parfum, tocopheryl acetate, tocopherol, ascorbyl tetraisopalmitate, bht.<\/p>\n<\/div>\n<\/div>","protected":false},"excerpt":{"rendered":"<p>URIAGE<br \/>Eau thermale<br \/>Bari\u00e9sun<br \/>Huile s\u00e8che<br \/>SPF 50+<br \/>UVB + UVA<br \/>Tr\u00e9s haute protection<br \/>Peaux sensibles<br \/>Corps et cheveux<br \/>200ml\u00a0<\/p>\n<p>Gr\u00e2ce \u00e0 un complexe filtrant tr\u00e8s performant, cette huile s\u00e8che apporte une tr\u00e8s haute protection contre les UVA, les UVB, les radicaux libres et pr\u00e9vient du dess\u00e8chement cutan\u00e9.\u00a0<br \/>Ce soin satine votre peau et illumine votre bronzage avec sa texture \u00e9vanescente, fondante et non grasse.\u00a0<br \/>Pouvant \u00e9galement \u00eatre utilis\u00e9e sur les cheveux, elle les prot\u00e8ge du dess\u00e8chement et pr\u00e9serve leur beaut\u00e9 naturelle.<\/p>\n<p>Prot\u00e8ge contre les UV :<br \/>Son nouveau complexe de filtres de derni\u00e8re g\u00e9n\u00e9ration assure une tr\u00e8s haute protection contre les UV.\u00a0<br \/>Ce soin garantit une photostabilit\u00e9 prouv\u00e9e et une large couverture UVB-UVA.\u00a0<\/p>","protected":false},"featured_media":23572,"template":"","meta":{"arc_restricted_post":false},"product_cat":[48,333],"product_tag":[],"_links":{"self":[{"href":"https:\/\/www.sopha-sahara.com\/en\/wp-json\/wp\/v2\/product\/23466"}],"collection":[{"href":"https:\/\/www.sopha-sahara.com\/en\/wp-json\/wp\/v2\/product"}],"about":[{"href":"https:\/\/www.sopha-sahara.com\/en\/wp-json\/wp\/v2\/types\/product"}],"wp:featuredmedia":[{"embeddable":true,"href":"https:\/\/www.sopha-sahara.com\/en\/wp-json\/wp\/v2\/media\/23572"}],"wp:attachment":[{"href":"https:\/\/www.sopha-sahara.com\/en\/wp-json\/wp\/v2\/media?parent=23466"}],"wp:term":[{"taxonomy":"product_cat","embeddable":true,"href":"https:\/\/www.sopha-sahara.com\/en\/wp-json\/wp\/v2\/product_cat?post=23466"},{"taxonomy":"product_tag","embeddable":true,"href":"https:\/\/www.sopha-sahara.com\/en\/wp-json\/wp\/v2\/product_tag?post=23466"}],"curies":[{"name":"wp","href":"https:\/\/api.w.org\/{rel}","templated":true}]}}