{"id":23465,"date":"2020-12-15T10:56:06","date_gmt":"2020-12-15T09:56:06","guid":{"rendered":"https:\/\/www.interbusinesschamber.com\/produit\/uriage-bariesun-spray-enfants-spf50-200ml\/"},"modified":"2020-12-31T10:05:08","modified_gmt":"2020-12-31T09:05:08","slug":"uriage-bariesun-spray-enfants-spf50-200ml","status":"publish","type":"product","link":"https:\/\/www.sopha-sahara.com\/en\/product\/uriage-bariesun-spray-enfants-spf50-200ml\/","title":{"rendered":"URIAGE BARIESUN SPRAY ENFANTS SPF50+ 200ML"},"content":{"rendered":"<div class=\"product-tabs\">\n<div class=\"title-border\">\n<h5 class=\"h2\">Conseils d'utilisation<\/h5>\n<\/div>\n<div class=\"std\">\n<p>Avant l\u2019exposition, appliquer une dose g\u00e9n\u00e9reuse et homog\u00e8ne pour bien couvrir la zone expos\u00e9e au soleil.\u00a0<br \/>Renouveler l\u2019application fr\u00e9quemment, surtout apr\u00e8s avoir transpir\u00e9, nag\u00e9 ou s\u2019\u00eatre essuy\u00e9.<\/p>\n<\/div>\n<\/div>\n<div class=\"product-tabs\">\n<div class=\"title-border\">\n<h5 class=\"h2\">Composition<\/h5>\n<\/div>\n<div class=\"std\">\n<p>Formule INCI :<span id=\"type_info_prio_8_1\">Aqua (Water, Eau), Diethylamino Hydroxybenzoyl Hexyl Benzoate, Ethylhexyl Methoxycinnamate, Ethylhexyl Triazone, Isodecyl Neopentanoate, Dycaprylyl Carbonate, Ethylhexyl Salicylate, Bis-Ethylhexyloxyphenol Methoxyphenyl Triazine, Glycerin, Triacontanyl Pvp, Decyl Glucoside, Dimethicone, C200-22 Alkyl Phosphate, Butylene Glycol, Phenoxyethanol, C20-22 Alcohols, Glucoside, Chlorphenesin, Xanthan Gum, Hydrogenated Polydecene, O-Cymen-5-Ol, Tocopheryl Acetate, Trehalone, Sodium Hydroxide, Propylene Glycol, Ascorbyl Tetraisopalmitate, BHT, CI75470 (Carmine), Citric Acid, Tocopherol, Sodium Citrate, Polyquartenium-51<\/span><\/p>\n<\/div>\n<\/div>","protected":false},"excerpt":{"rendered":"<p>URIAGE<br \/>Solaire Bari\u00e9sun<br \/>Eau thermale spray<br \/>Tr\u00e8s haute protection<br \/>UVB + UVA<br \/>SPF50+<br \/>Enfants, visage &amp; corps<br \/>Peaux sensibles<br \/>200ml\u00a0<\/p>\n<p>Gr\u00e2ce \u00e0 un complexe filtrant tr\u00e8s performant, ce spray pour enfants apporte une tr\u00e8s haute protection contre les UVA, les UVB, les radicaux libres et pr\u00e9vient du dess\u00e9chement cutan\u00e9.\u00a0<br \/>Sa texture l\u00e9g\u00e8re, non grasse garantit un plaisir d\u2019utilisation renouvel\u00e9 \u00e0 chaque application.\u00a0<br \/>Ce soin garantit une haute s\u00e9curit\u00e9, une grande tol\u00e9rance et une p\u00e9n\u00e9tration rapide.<\/p>","protected":false},"featured_media":23575,"template":"","meta":{"arc_restricted_post":false},"product_cat":[48,333],"product_tag":[],"_links":{"self":[{"href":"https:\/\/www.sopha-sahara.com\/en\/wp-json\/wp\/v2\/product\/23465"}],"collection":[{"href":"https:\/\/www.sopha-sahara.com\/en\/wp-json\/wp\/v2\/product"}],"about":[{"href":"https:\/\/www.sopha-sahara.com\/en\/wp-json\/wp\/v2\/types\/product"}],"wp:featuredmedia":[{"embeddable":true,"href":"https:\/\/www.sopha-sahara.com\/en\/wp-json\/wp\/v2\/media\/23575"}],"wp:attachment":[{"href":"https:\/\/www.sopha-sahara.com\/en\/wp-json\/wp\/v2\/media?parent=23465"}],"wp:term":[{"taxonomy":"product_cat","embeddable":true,"href":"https:\/\/www.sopha-sahara.com\/en\/wp-json\/wp\/v2\/product_cat?post=23465"},{"taxonomy":"product_tag","embeddable":true,"href":"https:\/\/www.sopha-sahara.com\/en\/wp-json\/wp\/v2\/product_tag?post=23465"}],"curies":[{"name":"wp","href":"https:\/\/api.w.org\/{rel}","templated":true}]}}