{"id":23464,"date":"2020-12-15T10:56:06","date_gmt":"2020-12-15T09:56:06","guid":{"rendered":"https:\/\/www.interbusinesschamber.com\/produit\/uriage-depiderm-white-fluide-protecteur-eclaircissant-spf30-40ml\/"},"modified":"2020-12-30T10:16:37","modified_gmt":"2020-12-30T09:16:37","slug":"uriage-depiderm-white-fluide-protecteur-eclaircissant-spf30-40ml","status":"publish","type":"product","link":"https:\/\/www.sopha-sahara.com\/en\/product\/uriage-depiderm-white-fluide-protecteur-eclaircissant-spf30-40ml\/","title":{"rendered":"URIAGE DEPIDERM WHITE FLUIDE PROTECTEUR ECLAIRCISSANT SPF30 40ML"},"content":{"rendered":"<p><strong>CONSEILS D'UTILISATION :<\/strong><\/p>\n<p>Appliquer quotidiennement le matin sur l'ensemble du visage et du cou, apr\u00e8s DEPIDERM White S\u00e9rum Correcteur \u00c9claircissant.<\/p>","protected":false},"excerpt":{"rendered":"<p>Un soin de jour protecteur anti UVA-UVB qui corrige les irr\u00e9gularit\u00e9s et lisse les traits pour un teint parfait.<\/p>\n<p>Prot\u00e8ge<br \/>Gr\u00e2ce aux filtres anti UVA-UVB et \u00e0 l&rsquo;Eau Thermale d&rsquo;Uriage, le fluide agit comme une barri\u00e8re, prot\u00e9geant la peau des UV et de la pollution souvent sources de l&rsquo;hyperpigmentation. Il pr\u00e9vient l&rsquo;apparition de nouvelles irr\u00e9gularit\u00e9s.<\/p>\n<p>Corrige<br \/>L&rsquo;actif ACTIWHITE permet de corriger les irr\u00e9gularit\u00e9s pour un teint plus unifi\u00e9 et \u00e9clatant.<\/p>\n<p>Hydrate et lisse<br \/>Ce fluide hydrate tout au long de la journ\u00e9e, lisse les traits et apporte un v\u00e9ritable confort. Excellente base de maquillage, l\u00e9g\u00e8re et non grasse.<\/p>","protected":false},"featured_media":23602,"template":"","meta":{"arc_restricted_post":false},"product_cat":[48,333],"product_tag":[],"_links":{"self":[{"href":"https:\/\/www.sopha-sahara.com\/en\/wp-json\/wp\/v2\/product\/23464"}],"collection":[{"href":"https:\/\/www.sopha-sahara.com\/en\/wp-json\/wp\/v2\/product"}],"about":[{"href":"https:\/\/www.sopha-sahara.com\/en\/wp-json\/wp\/v2\/types\/product"}],"wp:featuredmedia":[{"embeddable":true,"href":"https:\/\/www.sopha-sahara.com\/en\/wp-json\/wp\/v2\/media\/23602"}],"wp:attachment":[{"href":"https:\/\/www.sopha-sahara.com\/en\/wp-json\/wp\/v2\/media?parent=23464"}],"wp:term":[{"taxonomy":"product_cat","embeddable":true,"href":"https:\/\/www.sopha-sahara.com\/en\/wp-json\/wp\/v2\/product_cat?post=23464"},{"taxonomy":"product_tag","embeddable":true,"href":"https:\/\/www.sopha-sahara.com\/en\/wp-json\/wp\/v2\/product_tag?post=23464"}],"curies":[{"name":"wp","href":"https:\/\/api.w.org\/{rel}","templated":true}]}}