{"id":23463,"date":"2020-12-15T10:56:05","date_gmt":"2020-12-15T09:56:05","guid":{"rendered":"https:\/\/www.interbusinesschamber.com\/produit\/uriage-xemose-creme-visage-40-ml\/"},"modified":"2020-12-30T11:22:47","modified_gmt":"2020-12-30T10:22:47","slug":"uriage-xemose-creme-visage-40-ml","status":"publish","type":"product","link":"https:\/\/www.sopha-sahara.com\/en\/product\/uriage-xemose-creme-visage-40-ml\/","title":{"rendered":"URIAGE X\u00c9MOSE CR\u00c8ME VISAGE 40 ML"},"content":{"rendered":"","protected":false},"excerpt":{"rendered":"<p>Cette cr\u00e8me onctueuse nourrit, apaise les sensations de tiraillements et prot\u00e8ge contre les agressions ext\u00e9rieures. Sa texture fondante redonne souplesse et douceur \u00e0 la peau.<br \/>Apaise :<br \/>Apporte une efficacit\u00e9 apaisante imm\u00e9diate gr\u00e2ce au nouveau brevet* Chronoxine.<br \/>Nourrit :<br \/>Gr\u00e2ce au C\u00e9rast\u00e9rol 2F, cette cr\u00e8me restaure et renforce la barri\u00e8re cutan\u00e9e pour 24h d\u2019efficacit\u00e9.<br \/>Prot\u00e8ge :<br \/>Le complexe TLR2 REGUL module la barri\u00e8re de d\u00e9fense inn\u00e9e et l\u2019Eau thermale d\u2019Uriage r\u00e9\u00e9quilibre la barri\u00e8re microbienne.<br \/>*Brevet d\u00e9pos\u00e9<\/p>","protected":false},"featured_media":23669,"template":"","meta":{"arc_restricted_post":false},"product_cat":[48,333],"product_tag":[],"_links":{"self":[{"href":"https:\/\/www.sopha-sahara.com\/en\/wp-json\/wp\/v2\/product\/23463"}],"collection":[{"href":"https:\/\/www.sopha-sahara.com\/en\/wp-json\/wp\/v2\/product"}],"about":[{"href":"https:\/\/www.sopha-sahara.com\/en\/wp-json\/wp\/v2\/types\/product"}],"wp:featuredmedia":[{"embeddable":true,"href":"https:\/\/www.sopha-sahara.com\/en\/wp-json\/wp\/v2\/media\/23669"}],"wp:attachment":[{"href":"https:\/\/www.sopha-sahara.com\/en\/wp-json\/wp\/v2\/media?parent=23463"}],"wp:term":[{"taxonomy":"product_cat","embeddable":true,"href":"https:\/\/www.sopha-sahara.com\/en\/wp-json\/wp\/v2\/product_cat?post=23463"},{"taxonomy":"product_tag","embeddable":true,"href":"https:\/\/www.sopha-sahara.com\/en\/wp-json\/wp\/v2\/product_tag?post=23463"}],"curies":[{"name":"wp","href":"https:\/\/api.w.org\/{rel}","templated":true}]}}