{"id":23462,"date":"2020-12-15T10:56:05","date_gmt":"2020-12-15T09:56:05","guid":{"rendered":"https:\/\/www.interbusinesschamber.com\/produit\/uriage-bariederm-cica-gel-nettoyant-au-cu-zn-200-ml\/"},"modified":"2020-12-30T09:24:57","modified_gmt":"2020-12-30T08:24:57","slug":"uriage-bariederm-cica-gel-nettoyant-au-cu-zn-200-ml","status":"publish","type":"product","link":"https:\/\/www.sopha-sahara.com\/en\/product\/uriage-bariederm-cica-gel-nettoyant-au-cu-zn-200-ml\/","title":{"rendered":"URIAGE BARI\u00c9DERM CICA-GEL NETTOYANT AU CU-ZN 200 ML"},"content":{"rendered":"","protected":false},"excerpt":{"rendered":"<p>Le gel nettoyant surgras, apaisant et assainissant d\u00e9veloppe une mousse onctueuse et a \u00e9t\u00e9 sp\u00e9cialement formul\u00e9 pour l&rsquo;hygi\u00e8ne des peaux irrit\u00e9es.<\/p>\n<p>Apaise<br \/>La technologie brevet\u00e9e TLR2-Regul et l&rsquo;Eau Thermale d&rsquo;Uriage apaisent les sensations d&rsquo;inconfort d\u00e9clench\u00e9es par les micro-organismes.<\/p>\n<p>Assainit<br \/>Le Gluconate de cuivre et de zinc r\u00e9gulent la flore bact\u00e9rienne.<\/p>\n<p>Nettoie en douceur<br \/>Sa base lavante extra-douce et non-dess\u00e9chante respecte le film hydrolipidique de la peau.<\/p>","protected":false},"featured_media":23558,"template":"","meta":{"arc_restricted_post":false},"product_cat":[48,333],"product_tag":[],"_links":{"self":[{"href":"https:\/\/www.sopha-sahara.com\/en\/wp-json\/wp\/v2\/product\/23462"}],"collection":[{"href":"https:\/\/www.sopha-sahara.com\/en\/wp-json\/wp\/v2\/product"}],"about":[{"href":"https:\/\/www.sopha-sahara.com\/en\/wp-json\/wp\/v2\/types\/product"}],"wp:featuredmedia":[{"embeddable":true,"href":"https:\/\/www.sopha-sahara.com\/en\/wp-json\/wp\/v2\/media\/23558"}],"wp:attachment":[{"href":"https:\/\/www.sopha-sahara.com\/en\/wp-json\/wp\/v2\/media?parent=23462"}],"wp:term":[{"taxonomy":"product_cat","embeddable":true,"href":"https:\/\/www.sopha-sahara.com\/en\/wp-json\/wp\/v2\/product_cat?post=23462"},{"taxonomy":"product_tag","embeddable":true,"href":"https:\/\/www.sopha-sahara.com\/en\/wp-json\/wp\/v2\/product_tag?post=23462"}],"curies":[{"name":"wp","href":"https:\/\/api.w.org\/{rel}","templated":true}]}}