{"id":23460,"date":"2020-12-15T10:56:05","date_gmt":"2020-12-15T09:56:05","guid":{"rendered":"https:\/\/www.interbusinesschamber.com\/produit\/uriage-bariesun-creme-non-parfume-spf-50-50-ml\/"},"modified":"2020-12-30T09:33:38","modified_gmt":"2020-12-30T08:33:38","slug":"uriage-bariesun-creme-non-parfume-spf-50-50-ml","status":"publish","type":"product","link":"https:\/\/www.sopha-sahara.com\/en\/product\/uriage-bariesun-creme-non-parfume-spf-50-50-ml\/","title":{"rendered":"URIAGE BARIESUN CR\u00c8ME NON PARFUM\u00c9 SPF 50 50 ML"},"content":{"rendered":"","protected":false},"excerpt":{"rendered":"<p>Gr\u00e2ce \u00e0 un complexe filtrant tr\u00e8s performant, cette cr\u00e8me assure une protection anti UVA-UVB pour les peaux extr\u00eamement photosensibles (protection post-acte, photodermatoses, photosensibilit\u00e9s, maladies auto-immunes, troubles pigmentaires). Anti-radicalaire puissant, l\u2019Eau Thermale d\u2019Uriage, en synergie avec les vitamines C et E, prot\u00e8ge l\u2019ADN cellulaire. Soin de tr\u00e8s haute s\u00e9curit\u00e9 photostable, non parfum\u00e9 et l\u00e9g\u00e8rement teint\u00e9.<\/p>","protected":false},"featured_media":23566,"template":"","meta":{"arc_restricted_post":false},"product_cat":[48,333],"product_tag":[],"_links":{"self":[{"href":"https:\/\/www.sopha-sahara.com\/en\/wp-json\/wp\/v2\/product\/23460"}],"collection":[{"href":"https:\/\/www.sopha-sahara.com\/en\/wp-json\/wp\/v2\/product"}],"about":[{"href":"https:\/\/www.sopha-sahara.com\/en\/wp-json\/wp\/v2\/types\/product"}],"wp:featuredmedia":[{"embeddable":true,"href":"https:\/\/www.sopha-sahara.com\/en\/wp-json\/wp\/v2\/media\/23566"}],"wp:attachment":[{"href":"https:\/\/www.sopha-sahara.com\/en\/wp-json\/wp\/v2\/media?parent=23460"}],"wp:term":[{"taxonomy":"product_cat","embeddable":true,"href":"https:\/\/www.sopha-sahara.com\/en\/wp-json\/wp\/v2\/product_cat?post=23460"},{"taxonomy":"product_tag","embeddable":true,"href":"https:\/\/www.sopha-sahara.com\/en\/wp-json\/wp\/v2\/product_tag?post=23460"}],"curies":[{"name":"wp","href":"https:\/\/api.w.org\/{rel}","templated":true}]}}