{"id":23459,"date":"2020-12-15T10:56:04","date_gmt":"2020-12-15T09:56:04","guid":{"rendered":"https:\/\/www.interbusinesschamber.com\/produit\/uriage-roseliane-cc-cream-spf-30-40-ml\/"},"modified":"2020-12-30T11:07:29","modified_gmt":"2020-12-30T10:07:29","slug":"uriage-roseliane-cc-cream-spf-30-40-ml","status":"publish","type":"product","link":"https:\/\/www.sopha-sahara.com\/en\/product\/uriage-roseliane-cc-cream-spf-30-40-ml\/","title":{"rendered":"URIAGE ROSELIANE CC CREAM SPF 30 40 ML"},"content":{"rendered":"<p>Une cr\u00e8me onctueuse qui est l\u2019alliance parfaite d\u2019un soin traitant et la couvrance du maquillage, absolument non grasse pour une application rapide, parfaitement invisible. Elle camoufle les rougeurs, unifie le teint et l\u2019illumine tout en la prot\u00e9geant des UV gr\u00e2ce \u00e0 son SPF30. Elle procure d\u00e8s l\u2019application un confort imm\u00e9diat, laisse la peau douce, parfaitement hydrat\u00e9e et apais\u00e9e.<\/p>\n<p>En un seul geste, ce soin :<\/p>\n<p>Unifie le teint et l\u2019illumine<br \/>Ses pigments min\u00e9raux corrigent instantan\u00e9ment rougeurs, teints ternes ou irr\u00e9guliers.<\/p>\n<p>Couvre les rougeurs<br \/>Le complexe TLR2-Regul agit en synergie avec les extraits de ginseng et d\u2019algues rouges pour r\u00e9guler la voie immunitaire et renforcer la paroi des vaisseaux sanguins.<\/p>\n<p>Hydrate durablement<br \/>Riche en Eau Thermale d'Uriage aux propri\u00e9t\u00e9s hydratantes et apaisantes, cette cr\u00e8me hydrate et apporte un confort imm\u00e9diat et durable \u00e0 la peau.<\/p>\n<p>Prot\u00e8ge des UVA\/ UVB<br \/>Haute tol\u00e9rance, le filtre solaire fait \u00e9cran aux rayons UVA-UVB.<\/p>","protected":false},"excerpt":{"rendered":"<p>Une cr\u00e8me onctueuse qui est l\u2019alliance parfaite d\u2019un soin traitant et la couvrance du maquillage, absolument non grasse pour une application rapide, parfaitement invisible. Elle camoufle les rougeurs, unifie le teint et l\u2019illumine tout en la prot\u00e9geant des UV gr\u00e2ce&#8230;<\/p>","protected":false},"featured_media":23653,"template":"","meta":{"arc_restricted_post":false},"product_cat":[48,333],"product_tag":[],"_links":{"self":[{"href":"https:\/\/www.sopha-sahara.com\/en\/wp-json\/wp\/v2\/product\/23459"}],"collection":[{"href":"https:\/\/www.sopha-sahara.com\/en\/wp-json\/wp\/v2\/product"}],"about":[{"href":"https:\/\/www.sopha-sahara.com\/en\/wp-json\/wp\/v2\/types\/product"}],"wp:featuredmedia":[{"embeddable":true,"href":"https:\/\/www.sopha-sahara.com\/en\/wp-json\/wp\/v2\/media\/23653"}],"wp:attachment":[{"href":"https:\/\/www.sopha-sahara.com\/en\/wp-json\/wp\/v2\/media?parent=23459"}],"wp:term":[{"taxonomy":"product_cat","embeddable":true,"href":"https:\/\/www.sopha-sahara.com\/en\/wp-json\/wp\/v2\/product_cat?post=23459"},{"taxonomy":"product_tag","embeddable":true,"href":"https:\/\/www.sopha-sahara.com\/en\/wp-json\/wp\/v2\/product_tag?post=23459"}],"curies":[{"name":"wp","href":"https:\/\/api.w.org\/{rel}","templated":true}]}}