{"id":23458,"date":"2020-12-15T10:56:04","date_gmt":"2020-12-15T09:56:04","guid":{"rendered":"https:\/\/www.interbusinesschamber.com\/produit\/uriage-hyseac-masque-purifiant-50-ml\/"},"modified":"2020-12-30T10:59:43","modified_gmt":"2020-12-30T09:59:43","slug":"uriage-hyseac-masque-purifiant-50-ml","status":"publish","type":"product","link":"https:\/\/www.sopha-sahara.com\/en\/product\/uriage-hyseac-masque-purifiant-50-ml\/","title":{"rendered":"URIAGE HYSEAC MASQUE PURIFIANT 50 ML"},"content":{"rendered":"","protected":false},"excerpt":{"rendered":"<p>URIAGE HYS\u00c9AC Masque Purifiant Masque nouvelle g\u00e9n\u00e9ration riche en argile verte, absorbe l\u2019exc\u00e8s de s\u00e9bum, purifie et resserre les pores et aide \u00e0 garder la peau nette sans brillance. La peau retrouve uniformit\u00e9 et \u00e9clat.\u00a0<br \/>Purifie et absorbe l\u2019exc\u00e8s de s\u00e9bum\u00a0<\/p>\n<p>Une formule douce et efficace qui b\u00e9n\u00e9ficie de la puissance absorbante de l\u2019argile verte.\u00a0<br \/>Resserre les pores\u00a0<\/p>\n<p>L\u2019argile verte permet d\u2019affiner le grain de peau.\u00a0<\/p>","protected":false},"featured_media":23643,"template":"","meta":{"arc_restricted_post":false},"product_cat":[48,333],"product_tag":[],"_links":{"self":[{"href":"https:\/\/www.sopha-sahara.com\/en\/wp-json\/wp\/v2\/product\/23458"}],"collection":[{"href":"https:\/\/www.sopha-sahara.com\/en\/wp-json\/wp\/v2\/product"}],"about":[{"href":"https:\/\/www.sopha-sahara.com\/en\/wp-json\/wp\/v2\/types\/product"}],"wp:featuredmedia":[{"embeddable":true,"href":"https:\/\/www.sopha-sahara.com\/en\/wp-json\/wp\/v2\/media\/23643"}],"wp:attachment":[{"href":"https:\/\/www.sopha-sahara.com\/en\/wp-json\/wp\/v2\/media?parent=23458"}],"wp:term":[{"taxonomy":"product_cat","embeddable":true,"href":"https:\/\/www.sopha-sahara.com\/en\/wp-json\/wp\/v2\/product_cat?post=23458"},{"taxonomy":"product_tag","embeddable":true,"href":"https:\/\/www.sopha-sahara.com\/en\/wp-json\/wp\/v2\/product_tag?post=23458"}],"curies":[{"name":"wp","href":"https:\/\/api.w.org\/{rel}","templated":true}]}}