{"id":23456,"date":"2020-12-15T10:56:03","date_gmt":"2020-12-15T09:56:03","guid":{"rendered":"https:\/\/www.interbusinesschamber.com\/produit\/uriage-depiderm-soin-cible-anti-taches-15-ml\/"},"modified":"2020-12-30T10:13:34","modified_gmt":"2020-12-30T09:13:34","slug":"uriage-depiderm-soin-cible-anti-taches-15-ml","status":"publish","type":"product","link":"https:\/\/www.sopha-sahara.com\/en\/product\/uriage-depiderm-soin-cible-anti-taches-15-ml\/","title":{"rendered":"URIAGE DEPIDERM SOIN CIBL\u00c9 ANTI-TACHES 15 ML"},"content":{"rendered":"","protected":false},"excerpt":{"rendered":"<p>Uriage Depiderm Soin Cibl\u00e9 Anti-Taches Concentr\u00e9 intensif anti-taches soin ultra concentr\u00e9 en actifs anti-taches corrige efficacement les taches brunes localis\u00e9es en diminuant significativement leur taille et leur intensit\u00e9.\u00a0<\/p>","protected":false},"featured_media":23599,"template":"","meta":{"arc_restricted_post":false},"product_cat":[48,333],"product_tag":[],"_links":{"self":[{"href":"https:\/\/www.sopha-sahara.com\/en\/wp-json\/wp\/v2\/product\/23456"}],"collection":[{"href":"https:\/\/www.sopha-sahara.com\/en\/wp-json\/wp\/v2\/product"}],"about":[{"href":"https:\/\/www.sopha-sahara.com\/en\/wp-json\/wp\/v2\/types\/product"}],"wp:featuredmedia":[{"embeddable":true,"href":"https:\/\/www.sopha-sahara.com\/en\/wp-json\/wp\/v2\/media\/23599"}],"wp:attachment":[{"href":"https:\/\/www.sopha-sahara.com\/en\/wp-json\/wp\/v2\/media?parent=23456"}],"wp:term":[{"taxonomy":"product_cat","embeddable":true,"href":"https:\/\/www.sopha-sahara.com\/en\/wp-json\/wp\/v2\/product_cat?post=23456"},{"taxonomy":"product_tag","embeddable":true,"href":"https:\/\/www.sopha-sahara.com\/en\/wp-json\/wp\/v2\/product_tag?post=23456"}],"curies":[{"name":"wp","href":"https:\/\/api.w.org\/{rel}","templated":true}]}}