{"id":23455,"date":"2020-12-15T10:56:03","date_gmt":"2020-12-15T09:56:03","guid":{"rendered":"https:\/\/www.interbusinesschamber.com\/produit\/uriage-tolederm-creme-hydra-apaisant-tube-50-ml\/"},"modified":"2020-12-30T11:18:04","modified_gmt":"2020-12-30T10:18:04","slug":"uriage-tolederm-creme-hydra-apaisant-tube-50-ml","status":"publish","type":"product","link":"https:\/\/www.sopha-sahara.com\/en\/product\/uriage-tolederm-creme-hydra-apaisant-tube-50-ml\/","title":{"rendered":"URIAGE TOLEDERM CR\u00c8ME HYDRA-APAISANT TUBE 50 ML"},"content":{"rendered":"","protected":false},"excerpt":{"rendered":"<p>Pr\u00e9ventive et curative, elle calme les sensations dinconfort (picotements, tiraillements) et hydrate la peau.\u00a0<br \/>Ce soin assure une tol\u00e9rance optimale pour un r\u00e9el confort durable.\u00a0<br \/>Diminue l&rsquo;irritabilit\u00e9 cutan\u00e9e<br \/>Gr\u00e2ce \u00e0 une association dactifs sp\u00e9cifiques \u00e0 base de polyuronides dalgues et dEau Thermale dUriage, l&rsquo;irritation cutan\u00e9e diminue.\u00a0<br \/>Am\u00e9liore la r\u00e9sistance de la peau<br \/>Apais\u00e9e, la peau est plus r\u00e9sistante et mieux prot\u00e9g\u00e9e face aux agressions ext\u00e9rieures.\u00a0<br \/>Hydrate et restaure le confort<br \/>Riche en agents hydratants et en Eau Thermale d&rsquo;Uriage, ce soin r\u00e9hydrate intens\u00e9ment la peau et restaure le confort de la barri\u00e8re cutan\u00e9e.<br \/>Eau Thermale dUriage<br \/>Polyuronides dalgues<br \/>Hypoallerg\u00e9nique<br \/>Non com\u00e9dog\u00e8ne<br \/>Sans parfum<br \/>Sans alcool<br \/>77% des personnes resentent une sensation d&rsquo;apaisement imm\u00e9diat.\u00a0<br \/>Test d&rsquo;usage sur 60 personnes. Questionnaire d&rsquo;auto-\u00e9valuation.\u00a0<\/p>\n<p>Tube 50 ml<\/p>\n<p>Appliquer quotidiennement, matin et soir, sur le visage et le cou parfaitement nettoy\u00e9s avec l&rsquo;Eau Dermo-Nettoyante Apaisante TOL\u00c9DERM, pour encore plus d&rsquo;efficacit\u00e9 et de confor. ..<\/p>","protected":false},"featured_media":23663,"template":"","meta":{"arc_restricted_post":false},"product_cat":[48,333],"product_tag":[],"_links":{"self":[{"href":"https:\/\/www.sopha-sahara.com\/en\/wp-json\/wp\/v2\/product\/23455"}],"collection":[{"href":"https:\/\/www.sopha-sahara.com\/en\/wp-json\/wp\/v2\/product"}],"about":[{"href":"https:\/\/www.sopha-sahara.com\/en\/wp-json\/wp\/v2\/types\/product"}],"wp:featuredmedia":[{"embeddable":true,"href":"https:\/\/www.sopha-sahara.com\/en\/wp-json\/wp\/v2\/media\/23663"}],"wp:attachment":[{"href":"https:\/\/www.sopha-sahara.com\/en\/wp-json\/wp\/v2\/media?parent=23455"}],"wp:term":[{"taxonomy":"product_cat","embeddable":true,"href":"https:\/\/www.sopha-sahara.com\/en\/wp-json\/wp\/v2\/product_cat?post=23455"},{"taxonomy":"product_tag","embeddable":true,"href":"https:\/\/www.sopha-sahara.com\/en\/wp-json\/wp\/v2\/product_tag?post=23455"}],"curies":[{"name":"wp","href":"https:\/\/api.w.org\/{rel}","templated":true}]}}