{"id":23453,"date":"2020-12-15T10:56:03","date_gmt":"2020-12-15T09:56:03","guid":{"rendered":"https:\/\/www.interbusinesschamber.com\/produit\/uriage-bariesun-creme-minerale-peaux-allergique-spf50-50-ml\/"},"modified":"2020-12-30T09:34:04","modified_gmt":"2020-12-30T08:34:04","slug":"uriage-bariesun-creme-minerale-peaux-allergique-spf50-50-ml","status":"publish","type":"product","link":"https:\/\/www.sopha-sahara.com\/en\/product\/uriage-bariesun-creme-minerale-peaux-allergique-spf50-50-ml\/","title":{"rendered":"URIAGE BARIESUN CREME MINERALE PEAUX ALLERGIQUE SPF50+ 50 ML"},"content":{"rendered":"<p class=\"dtab-title\"><strong>Conseils d'utilisation<\/strong><\/p>\n<div class=\"std\">\n<p>Appliquer sur toutes les parties expos\u00e9es avant l'exposition solaire.\u00a0<br \/>Renouveler apr\u00e8s chaque baignade, apr\u00e8s avoir transpir\u00e9 ou s'\u00eatre essuy\u00e9.<\/p>\n<p>M\u00eame bien prot\u00e9g\u00e9s, ne pas exposer les b\u00e9b\u00e9s et les jeunes enfants directement au soleil.<\/p>\n<\/div>","protected":false},"excerpt":{"rendered":"<p>Bari\u00e9sun.<br \/>Eau thermale.<br \/>Cr\u00e8me min\u00e9rale.<br \/>SPF 50+.<br \/>Tr\u00e8s haute protection.<br \/>UVB + UVA.<br \/>Peaux allergiques.<br \/>100ml.<\/p>\n<p>La\u00a0Cr\u00e8me Min\u00e9rale SPF 50+ Uriage Bari\u00e9sun\u00a0est particuli\u00e8rement recommand\u00e9e aux peaux allergique et n\u00e9cessitant une haute protection contre le rayonnement solaire.<\/p>\n<p>Sans parfum, sans filtre chimique et sans conservateur, il apporte une protection compl\u00e8te contre les UVA, les UVB et les radicaux libres et pr\u00e9vient le dess\u00e8chement cutan\u00e9.<\/p>\n<p>Formule tr\u00e8s haute s\u00e9curit\u00e9, photostable, sans paraben.<\/p>","protected":false},"featured_media":23565,"template":"","meta":{"arc_restricted_post":false},"product_cat":[48,333],"product_tag":[],"_links":{"self":[{"href":"https:\/\/www.sopha-sahara.com\/en\/wp-json\/wp\/v2\/product\/23453"}],"collection":[{"href":"https:\/\/www.sopha-sahara.com\/en\/wp-json\/wp\/v2\/product"}],"about":[{"href":"https:\/\/www.sopha-sahara.com\/en\/wp-json\/wp\/v2\/types\/product"}],"wp:featuredmedia":[{"embeddable":true,"href":"https:\/\/www.sopha-sahara.com\/en\/wp-json\/wp\/v2\/media\/23565"}],"wp:attachment":[{"href":"https:\/\/www.sopha-sahara.com\/en\/wp-json\/wp\/v2\/media?parent=23453"}],"wp:term":[{"taxonomy":"product_cat","embeddable":true,"href":"https:\/\/www.sopha-sahara.com\/en\/wp-json\/wp\/v2\/product_cat?post=23453"},{"taxonomy":"product_tag","embeddable":true,"href":"https:\/\/www.sopha-sahara.com\/en\/wp-json\/wp\/v2\/product_tag?post=23453"}],"curies":[{"name":"wp","href":"https:\/\/api.w.org\/{rel}","templated":true}]}}