{"id":23452,"date":"2020-12-15T10:56:03","date_gmt":"2020-12-15T09:56:03","guid":{"rendered":"https:\/\/www.interbusinesschamber.com\/produit\/uriage-creme-solaire-teintee-spf-50-50ml-teinte-claire\/"},"modified":"2020-12-30T10:01:52","modified_gmt":"2020-12-30T09:01:52","slug":"uriage-creme-solaire-teintee-spf-50-50ml-teinte-claire","status":"publish","type":"product","link":"https:\/\/www.sopha-sahara.com\/en\/product\/uriage-creme-solaire-teintee-spf-50-50ml-teinte-claire\/","title":{"rendered":"URIAGE CREME SOLAIRE TEINTEE SPF 50+ 50ML TEINTE CLAIRE"},"content":{"rendered":"","protected":false},"excerpt":{"rendered":"<p>Peaux normales et sensiblesPeaux intol\u00e9rantes au soleil et voulant quand m\u00eame avoir un teint bronz\u00e9VisageEnrichie en Eau Thermale d&rsquo;Uriage, la Cr\u00e8me Teint\u00e9e SPF 50 assure une haute protection anti UVA-UVB, une hydratation intense, une protection anti-ra<\/p>","protected":false},"featured_media":23592,"template":"","meta":{"arc_restricted_post":false},"product_cat":[48,333],"product_tag":[],"_links":{"self":[{"href":"https:\/\/www.sopha-sahara.com\/en\/wp-json\/wp\/v2\/product\/23452"}],"collection":[{"href":"https:\/\/www.sopha-sahara.com\/en\/wp-json\/wp\/v2\/product"}],"about":[{"href":"https:\/\/www.sopha-sahara.com\/en\/wp-json\/wp\/v2\/types\/product"}],"wp:featuredmedia":[{"embeddable":true,"href":"https:\/\/www.sopha-sahara.com\/en\/wp-json\/wp\/v2\/media\/23592"}],"wp:attachment":[{"href":"https:\/\/www.sopha-sahara.com\/en\/wp-json\/wp\/v2\/media?parent=23452"}],"wp:term":[{"taxonomy":"product_cat","embeddable":true,"href":"https:\/\/www.sopha-sahara.com\/en\/wp-json\/wp\/v2\/product_cat?post=23452"},{"taxonomy":"product_tag","embeddable":true,"href":"https:\/\/www.sopha-sahara.com\/en\/wp-json\/wp\/v2\/product_tag?post=23452"}],"curies":[{"name":"wp","href":"https:\/\/api.w.org\/{rel}","templated":true}]}}