{"id":23451,"date":"2020-12-15T10:56:03","date_gmt":"2020-12-15T09:56:03","guid":{"rendered":"https:\/\/www.interbusinesschamber.com\/produit\/uriage-hyseac-k18-40ml\/"},"modified":"2020-12-30T10:56:46","modified_gmt":"2020-12-30T09:56:46","slug":"uriage-hyseac-k18-40ml","status":"publish","type":"product","link":"https:\/\/www.sopha-sahara.com\/en\/product\/uriage-hyseac-k18-40ml\/","title":{"rendered":"URIAGE HYSEAC K18 &#8211; 40ML"},"content":{"rendered":"<p><strong>Atouts :<\/strong>\u00a0<br \/>Action rapide et puissante : resserre et d\u00e9sobstrue les pores.<br \/>Tol\u00e9rance remarquable.<\/p>\n<p><strong>R\u00e9sultats :<\/strong>\u00a0<br \/>Diminution significative des l\u00e9sions r\u00e9tentionnelles, prouv\u00e9e par \u00e9tude clinique sous contr\u00f4le dermatologique.<br \/>Grain de peau affin\u00e9.<br \/>Teint plus lumineux.<br \/>La peau est plus nette et lisse.<\/p>\n<p>&nbsp;<\/p>\n<p><strong>Indications :<\/strong><br \/>Peaux grasses.<br \/>Pores obstru\u00e9s, dilat\u00e9s.<br \/>Visage.<\/p>\n<p>&nbsp;<\/p>\n<p><strong>Formule :<\/strong><br \/>Composition : Complexe AHA (18%) et BHA - Extrait de Licorice - Piroctone Olamine - Agent matifiant - Eau Thermale d\u2019Uriage - Sans paraben.<br \/>Haute tol\u00e9rance : Non com\u00e9dog\u00e8ne - Hypoallerg\u00e9nique.<\/p>\n<div>\u00a0<\/div>\n<p><strong>Conseils d'utilisation :<\/strong><br \/>Appliquer une \u00e0 deux fois par jour sur une peau parfaitement nettoy\u00e9e (avec Hys\u00e9ac Gel Nettoyant) et s\u00e9ch\u00e9e.<br \/>Eviter le contour des yeux.<br \/>Lors d\u2019une exposition solaire, utiliser Hys\u00e9ac Fluide SPF30 ou SPF50+<\/p>","protected":false},"excerpt":{"rendered":"<p>Le soin K\u00e9rator\u00e9gulateur Hys\u00e9ac K18 d\u00e9sincruste efficacement les pores et limite l\u2019apparition de nouvelles imperfections gr\u00e2ce \u00e0 un complexe d\u2019AHA (18 %)-BHA tr\u00e8s bien tol\u00e9r\u00e9. Il limite \u00e9galement l\u2019exc\u00e8s de s\u00e9bum, source de nouvelles imperfections gr\u00e2ce \u00e0 l\u2019extrait de Licorice. Durablement matifi\u00e9e, la peau est plus lisse et le teint redevient lumineux. Cette \u00e9mulsion l\u00e9g\u00e8re est non grasse et hydratante. Son efficacit\u00e9 a \u00e9t\u00e9 d\u00e9montr\u00e9e sur des peaux \u00e0 tendance acn\u00e9ique.<br \/>Texture : Emulsion l\u00e9g\u00e8re, non grasse et d\u00e9licatement parfum\u00e9e.<\/p>","protected":false},"featured_media":23640,"template":"","meta":{"arc_restricted_post":false},"product_cat":[48,333],"product_tag":[],"_links":{"self":[{"href":"https:\/\/www.sopha-sahara.com\/en\/wp-json\/wp\/v2\/product\/23451"}],"collection":[{"href":"https:\/\/www.sopha-sahara.com\/en\/wp-json\/wp\/v2\/product"}],"about":[{"href":"https:\/\/www.sopha-sahara.com\/en\/wp-json\/wp\/v2\/types\/product"}],"wp:featuredmedia":[{"embeddable":true,"href":"https:\/\/www.sopha-sahara.com\/en\/wp-json\/wp\/v2\/media\/23640"}],"wp:attachment":[{"href":"https:\/\/www.sopha-sahara.com\/en\/wp-json\/wp\/v2\/media?parent=23451"}],"wp:term":[{"taxonomy":"product_cat","embeddable":true,"href":"https:\/\/www.sopha-sahara.com\/en\/wp-json\/wp\/v2\/product_cat?post=23451"},{"taxonomy":"product_tag","embeddable":true,"href":"https:\/\/www.sopha-sahara.com\/en\/wp-json\/wp\/v2\/product_tag?post=23451"}],"curies":[{"name":"wp","href":"https:\/\/api.w.org\/{rel}","templated":true}]}}