{"id":23449,"date":"2020-12-15T10:56:00","date_gmt":"2020-12-15T09:56:00","guid":{"rendered":"https:\/\/www.interbusinesschamber.com\/produit\/uriage-creme-mains-75ml\/"},"modified":"2020-12-30T10:00:40","modified_gmt":"2020-12-30T09:00:40","slug":"uriage-creme-mains-75ml","status":"publish","type":"product","link":"https:\/\/www.sopha-sahara.com\/en\/product\/uriage-creme-mains-75ml\/","title":{"rendered":"URIAGE CREME MAINS 75ML"},"content":{"rendered":"<p><strong>Indications :<\/strong><br \/>Prot\u00e8ge et r\u00e9pare.<br \/>R\u00e9siste \u00e0 l'eau.<br \/>Laisse un film protecteur non gras.<\/p>\n<p><strong>Formule :<\/strong><br \/>Emulsion H \/ E - Beurre de karit\u00e9: 6%<br \/>Glyc\u00e9rine: 5% - Eau thermale d'Uriage: 30%<br \/>Sans paraben.<\/p>","protected":false},"excerpt":{"rendered":"<p>Soin quotidien des mains agress\u00e9es et ab\u00eem\u00e9es (froid, travaux m\u00e9nagers, etc.). Texture cr\u00e8me non grasse, p\u00e9n\u00e8tre imm\u00e9diatement. Les mains retrouvent leur douceur.<\/p>","protected":false},"featured_media":23590,"template":"","meta":{"arc_restricted_post":false},"product_cat":[48,333],"product_tag":[],"_links":{"self":[{"href":"https:\/\/www.sopha-sahara.com\/en\/wp-json\/wp\/v2\/product\/23449"}],"collection":[{"href":"https:\/\/www.sopha-sahara.com\/en\/wp-json\/wp\/v2\/product"}],"about":[{"href":"https:\/\/www.sopha-sahara.com\/en\/wp-json\/wp\/v2\/types\/product"}],"wp:featuredmedia":[{"embeddable":true,"href":"https:\/\/www.sopha-sahara.com\/en\/wp-json\/wp\/v2\/media\/23590"}],"wp:attachment":[{"href":"https:\/\/www.sopha-sahara.com\/en\/wp-json\/wp\/v2\/media?parent=23449"}],"wp:term":[{"taxonomy":"product_cat","embeddable":true,"href":"https:\/\/www.sopha-sahara.com\/en\/wp-json\/wp\/v2\/product_cat?post=23449"},{"taxonomy":"product_tag","embeddable":true,"href":"https:\/\/www.sopha-sahara.com\/en\/wp-json\/wp\/v2\/product_tag?post=23449"}],"curies":[{"name":"wp","href":"https:\/\/api.w.org\/{rel}","templated":true}]}}