{"id":23448,"date":"2020-12-15T10:55:59","date_gmt":"2020-12-15T09:55:59","guid":{"rendered":"https:\/\/www.interbusinesschamber.com\/produit\/uriage-bebe-1ere-shampooing-extra-doux-cheveux-200ml\/"},"modified":"2020-12-30T09:51:23","modified_gmt":"2020-12-30T08:51:23","slug":"uriage-bebe-1ere-shampooing-extra-doux-cheveux-200ml","status":"publish","type":"product","link":"https:\/\/www.sopha-sahara.com\/en\/product\/uriage-bebe-1ere-shampooing-extra-doux-cheveux-200ml\/","title":{"rendered":"URIAGE BEBE 1\u00c8RE SHAMPOOING EXTRA DOUX CHEVEUX 200ML"},"content":{"rendered":"<div class=\"product-tabs\">\n<div class=\"title-border\">\n<h4 class=\"h2\">Conseils d'utilisation<\/h4>\n<\/div>\n<div class=\"std\">\n<p>Appliquer sur les cheveux mouill\u00e9s de b\u00e9b\u00e9, masser l\u00e9g\u00e8rement, rincer abondamment \u00e0 l\u2019eau claire.<\/p>\n<\/div>\n<\/div>\n<div class=\"product-tabs\">\n<div class=\"title-border\">\n<h4 class=\"h2\">Composition<\/h4>\n<\/div>\n<div class=\"std\">\n<p>Formule INCI : Aqua (water), uriage thermal spring water, sodium cocoamphoacetate, sodium cocoyl glutamate, sodium chloride, caprylyl\/capryl, glucoside, ceteareth-60 myristyl glycol, citric acid, parfum (fragrance), sodium benzoate, coco-glucoside, glyceryl oleate, polyquaternium-10, sodium acetate.<\/p>\n<p><em>Sans parab\u00e8ne.\u00a0<br \/>Hypoallerg\u00e9nique.<br \/>Sans savon.<br \/>PH physiologique.<\/em><\/p>\n<\/div>\n<\/div>","protected":false},"excerpt":{"rendered":"<p>URIAGE BEBE<br \/>Eau thermale<br \/>1er shampooing<br \/>Extra-doux<br \/>Ne pique pas les yeux, sans savon<br \/>Cheveux<br \/>200ml<\/p>\n<p>Le 1er Shampooing laisse les cheveux de b\u00e9b\u00e9 brillants, doux et agr\u00e9ablement parfum\u00e9s. Ne pique pas les yeux.<\/p>\n<p><em>Lave<\/em><br \/>Ses agents nettoyants \u00e9liminent tout en douceur les impuret\u00e9s du cuir chevelu et des cheveux.<\/p>\n<p><em>D\u00e9m\u00eale<\/em><br \/>Gr\u00e2ce \u00e0 ses agents d\u00e9m\u00ealants, il \u00e9vite les noeuds et facilite le d\u00e9m\u00ealage.<\/p>\n<p><em>Respecte<\/em><br \/>Sa formule haute tol\u00e9rance et son pH physiologique respectent l\u2019\u00e9quilibre fragile du cuir chevelu.<\/p>","protected":false},"featured_media":23583,"template":"","meta":{"arc_restricted_post":false},"product_cat":[48,333],"product_tag":[],"_links":{"self":[{"href":"https:\/\/www.sopha-sahara.com\/en\/wp-json\/wp\/v2\/product\/23448"}],"collection":[{"href":"https:\/\/www.sopha-sahara.com\/en\/wp-json\/wp\/v2\/product"}],"about":[{"href":"https:\/\/www.sopha-sahara.com\/en\/wp-json\/wp\/v2\/types\/product"}],"wp:featuredmedia":[{"embeddable":true,"href":"https:\/\/www.sopha-sahara.com\/en\/wp-json\/wp\/v2\/media\/23583"}],"wp:attachment":[{"href":"https:\/\/www.sopha-sahara.com\/en\/wp-json\/wp\/v2\/media?parent=23448"}],"wp:term":[{"taxonomy":"product_cat","embeddable":true,"href":"https:\/\/www.sopha-sahara.com\/en\/wp-json\/wp\/v2\/product_cat?post=23448"},{"taxonomy":"product_tag","embeddable":true,"href":"https:\/\/www.sopha-sahara.com\/en\/wp-json\/wp\/v2\/product_tag?post=23448"}],"curies":[{"name":"wp","href":"https:\/\/api.w.org\/{rel}","templated":true}]}}