{"id":23447,"date":"2020-12-15T10:55:59","date_gmt":"2020-12-15T09:55:59","guid":{"rendered":"https:\/\/www.interbusinesschamber.com\/produit\/uriage-bariesun-enfants-lait-spf50-100ml\/"},"modified":"2020-12-31T10:04:06","modified_gmt":"2020-12-31T09:04:06","slug":"uriage-bariesun-enfants-lait-spf50-100ml","status":"publish","type":"product","link":"https:\/\/www.sopha-sahara.com\/en\/product\/uriage-bariesun-enfants-lait-spf50-100ml\/","title":{"rendered":"URIAGE BARIESUN ENFANTS LAIT SPF50+ 100ML"},"content":{"rendered":"<div class=\"product-tabs\">\n<div class=\"title-border\">\n<h5 class=\"h2\">Conseils d'utilisation<\/h5>\n<\/div>\n<div class=\"std\">\n<p>Avant l\u2019exposition, appliquer une dose g\u00e9n\u00e9reuse et homog\u00e8ne pour bien couvrir la zone expos\u00e9e au soleil.\u00a0<br \/>Renouveler l\u2019application fr\u00e9quemment, surtout apr\u00e8s avoir transpir\u00e9, nag\u00e9 ou s\u2019\u00eatre essuy\u00e9.<\/p>\n<hr \/>\n<p><em>M\u00eame bien prot\u00e9g\u00e9, r\u00e9duire au maximum l\u2019exposition.\u00a0<br \/>Ne pas exposer les b\u00e9b\u00e9s et les jeunes enfants directement au soleil.<\/em><\/p>\n<\/div>\n<\/div>\n<div class=\"product-tabs\">\n<div class=\"title-border\">\n<h5 class=\"h2\">Composition<\/h5>\n<\/div>\n<div class=\"std\">\n<p>Formule INCI : Aqua (water), dicaprylyl carbonate, Uriage thermal spring water, methylene bis-benzotriazolyl tetramethylbutylphenol, butyl methoxydibenzoylmethane, ethylhexyl triazone, glycerin, nylon-12, triacontanyl PVP, butylene glycol, hydrogenated polydecene, decyl glucoside, C20-22 alkyl phosphate, C20-22 alcohols, glucose, xanthan gum, chlorphenesin, benzoic acid, tetrasodium EDTA, tocopheryl acetate, o-cymen-5-ol, propylene glycol, trehalose, citric acid, sodium hydroxide, ascorbyl tetraisopalmitate.<\/p>\n<\/div>\n<\/div>","protected":false},"excerpt":{"rendered":"<p>URIAGE<br \/>Eau thermale<br \/>Enfants<br \/>Lait\u00a0SPF 50+<br \/>Tr\u00e8s haute protection<br \/>Application facile et fini invisible<br \/>UVB + UVA<br \/>Peaux sensibles<br \/>100ml<\/p>\n<p>Gr\u00e2ce \u00e0 un complexe filtrant tr\u00e8s performant, ce lait pour enfants apporte une tr\u00e8s haute protection contre les UVA, les UVB, les radicaux libres et pr\u00e9vient du dess\u00e9chement cutan\u00e9.\u00a0<br \/>Sa texture l\u00e9g\u00e8re, non grasse garantit un plaisir d\u2019utilisation renouvel\u00e9 \u00e0 chaque application.\u00a0<br \/>Ce soin garantit une haute s\u00e9curit\u00e9, une grande tol\u00e9rance et une p\u00e9n\u00e9tration rapide.<\/p>","protected":false},"featured_media":23571,"template":"","meta":{"arc_restricted_post":false},"product_cat":[48,333],"product_tag":[],"_links":{"self":[{"href":"https:\/\/www.sopha-sahara.com\/en\/wp-json\/wp\/v2\/product\/23447"}],"collection":[{"href":"https:\/\/www.sopha-sahara.com\/en\/wp-json\/wp\/v2\/product"}],"about":[{"href":"https:\/\/www.sopha-sahara.com\/en\/wp-json\/wp\/v2\/types\/product"}],"wp:featuredmedia":[{"embeddable":true,"href":"https:\/\/www.sopha-sahara.com\/en\/wp-json\/wp\/v2\/media\/23571"}],"wp:attachment":[{"href":"https:\/\/www.sopha-sahara.com\/en\/wp-json\/wp\/v2\/media?parent=23447"}],"wp:term":[{"taxonomy":"product_cat","embeddable":true,"href":"https:\/\/www.sopha-sahara.com\/en\/wp-json\/wp\/v2\/product_cat?post=23447"},{"taxonomy":"product_tag","embeddable":true,"href":"https:\/\/www.sopha-sahara.com\/en\/wp-json\/wp\/v2\/product_tag?post=23447"}],"curies":[{"name":"wp","href":"https:\/\/api.w.org\/{rel}","templated":true}]}}