{"id":23443,"date":"2020-12-15T10:55:58","date_gmt":"2020-12-15T09:55:58","guid":{"rendered":"https:\/\/www.interbusinesschamber.com\/produit\/uriage-eau-micellaire-thermale-peaux-intolerantes-500-ml\/"},"modified":"2020-12-30T10:27:21","modified_gmt":"2020-12-30T09:27:21","slug":"uriage-eau-micellaire-thermale-peaux-intolerantes-500-ml","status":"publish","type":"product","link":"https:\/\/www.sopha-sahara.com\/en\/product\/uriage-eau-micellaire-thermale-peaux-intolerantes-500-ml\/","title":{"rendered":"URIAGE EAU MICELLAIRE THERMALE PEAUX INTOL\u00c9RANTES 500 ML"},"content":{"rendered":"<div class=\"product-tabs\">\n<div class=\"title-border\">\n<h4 class=\"h2\">Conseils d'utilisation<\/h4>\n<\/div>\n<div class=\"std\">\n<p>Mettre quelques gouttes d'eau micellaire sur un coton afin de nettoyer le visage et le cou.<\/p>\n<\/div>\n<\/div>\n<div class=\"product-tabs\">\n<div class=\"title-border\">\n<h4 class=\"h2\">Composition<\/h4>\n<\/div>\n<div class=\"std\">\n<p>Formule INCI : Aqua (Water, Eau), Glycerin, Phenoxyethanol, Poloxamer 184, PEG-80 Glyceryl Cocoate, Cetrimonium Bromide, Polyaminopropyl Biguanide, Citric Acid.<\/p>\n<\/div>\n<\/div>","protected":false},"excerpt":{"rendered":"<p>URIAGE<br \/>Eau micellaire thermale<br \/>Sans parfum<br \/>Apaise, d\u00e9maquille, nettoie<br \/>Visage et yeux<br \/>Peaux intol\u00e9rantes<br \/>Hypoallerg\u00e9nique<br \/>500ml<\/p>\n<p>Cette eau micellaire d&rsquo;Uriage est sp\u00e9cifiquement formul\u00e9e pour les peaux intol\u00e9rantes.<br \/>&#8211; elle apaise les sensations d&rsquo;inconfort<br \/>&#8211; d\u00e9maquille en douceur le visage et les yeux<br \/>&#8211; nettoie sans agresser, ni dess\u00e9cher, gr\u00e2ce \u00e0 la glyc\u00e9rine qui hydrate la peau et aux agents nettoyants doux.<\/p>\n<p>Sa formule tr\u00e8s haute tol\u00e9rance est\u00a0<br \/>&#8211; sans parfum<br \/>&#8211; au pH physiologique<br \/>&#8211; non com\u00e9dog\u00e8ne<br \/>&#8211; hypoallerg\u00e9nique<\/p>\n<p>Sans rin\u00e7age.\u00a0<\/p>","protected":false},"featured_media":23612,"template":"","meta":{"arc_restricted_post":false},"product_cat":[48,333],"product_tag":[],"_links":{"self":[{"href":"https:\/\/www.sopha-sahara.com\/en\/wp-json\/wp\/v2\/product\/23443"}],"collection":[{"href":"https:\/\/www.sopha-sahara.com\/en\/wp-json\/wp\/v2\/product"}],"about":[{"href":"https:\/\/www.sopha-sahara.com\/en\/wp-json\/wp\/v2\/types\/product"}],"wp:featuredmedia":[{"embeddable":true,"href":"https:\/\/www.sopha-sahara.com\/en\/wp-json\/wp\/v2\/media\/23612"}],"wp:attachment":[{"href":"https:\/\/www.sopha-sahara.com\/en\/wp-json\/wp\/v2\/media?parent=23443"}],"wp:term":[{"taxonomy":"product_cat","embeddable":true,"href":"https:\/\/www.sopha-sahara.com\/en\/wp-json\/wp\/v2\/product_cat?post=23443"},{"taxonomy":"product_tag","embeddable":true,"href":"https:\/\/www.sopha-sahara.com\/en\/wp-json\/wp\/v2\/product_tag?post=23443"}],"curies":[{"name":"wp","href":"https:\/\/api.w.org\/{rel}","templated":true}]}}