{"id":23442,"date":"2020-12-15T10:55:58","date_gmt":"2020-12-15T09:55:58","guid":{"rendered":"https:\/\/www.interbusinesschamber.com\/produit\/uriage-eau-micellaire-thermale-peaux-normales-a-seches-250ml\/"},"modified":"2020-12-30T10:29:05","modified_gmt":"2020-12-30T09:29:05","slug":"uriage-eau-micellaire-thermale-peaux-normales-a-seches-250ml","status":"publish","type":"product","link":"https:\/\/www.sopha-sahara.com\/en\/product\/uriage-eau-micellaire-thermale-peaux-normales-a-seches-250ml\/","title":{"rendered":"URIAGE EAU MICELLAIRE THERMALE PEAUX NORMALES A SECHES 250ML"},"content":{"rendered":"","protected":false},"excerpt":{"rendered":"<p>Uriage Eau Micellaire Thermale Peaux Normales \u00e0 S\u00e8ches 250 ml\u00a0d\u00e9maquille, nettoie et hydrate le visage et les yeux des peaux normales \u00e0 s\u00e8ches.<\/p>\n<p>Sa formule contient des micelles hautement nettoyantes et de l\u2019Eau Thermale d\u2019Uriage aux propri\u00e9t\u00e9s apaisantes et anti-irritantes. Les tensioactifs non ioniques doux, constituants des micelles, agissent comme des aimants et captent le maquillage et les impuret\u00e9s. Sa formule est aussi enrichie en glyc\u00e9rine et en extrait de cranberry aux vertus hydratantes.<\/p>\n<p>Appliquer \u00e0 l\u2019aide d\u2019un coton sur le visage et les yeux. Inutile de rincer.<\/p>","protected":false},"featured_media":23615,"template":"","meta":{"arc_restricted_post":false},"product_cat":[48,333],"product_tag":[],"_links":{"self":[{"href":"https:\/\/www.sopha-sahara.com\/en\/wp-json\/wp\/v2\/product\/23442"}],"collection":[{"href":"https:\/\/www.sopha-sahara.com\/en\/wp-json\/wp\/v2\/product"}],"about":[{"href":"https:\/\/www.sopha-sahara.com\/en\/wp-json\/wp\/v2\/types\/product"}],"wp:featuredmedia":[{"embeddable":true,"href":"https:\/\/www.sopha-sahara.com\/en\/wp-json\/wp\/v2\/media\/23615"}],"wp:attachment":[{"href":"https:\/\/www.sopha-sahara.com\/en\/wp-json\/wp\/v2\/media?parent=23442"}],"wp:term":[{"taxonomy":"product_cat","embeddable":true,"href":"https:\/\/www.sopha-sahara.com\/en\/wp-json\/wp\/v2\/product_cat?post=23442"},{"taxonomy":"product_tag","embeddable":true,"href":"https:\/\/www.sopha-sahara.com\/en\/wp-json\/wp\/v2\/product_tag?post=23442"}],"curies":[{"name":"wp","href":"https:\/\/api.w.org\/{rel}","templated":true}]}}