{"id":23441,"date":"2020-12-15T10:55:58","date_gmt":"2020-12-15T09:55:58","guid":{"rendered":"https:\/\/www.interbusinesschamber.com\/produit\/uriage-eau-micellaire-thermale-peaux-mixtes-grasses-250ml\/"},"modified":"2020-12-30T10:28:40","modified_gmt":"2020-12-30T09:28:40","slug":"uriage-eau-micellaire-thermale-peaux-mixtes-grasses-250ml","status":"publish","type":"product","link":"https:\/\/www.sopha-sahara.com\/en\/product\/uriage-eau-micellaire-thermale-peaux-mixtes-grasses-250ml\/","title":{"rendered":"URIAGE EAU MICELLAIRE THERMALE PEAUX MIXTES GRASSES 250ML"},"content":{"rendered":"","protected":false},"excerpt":{"rendered":"<p>Uriage Eau Micellaire Thermale Peaux Mixtes \u00e0 Grasses 250ml d\u00e9maquille, nettoie et purifie le visage et les yeux des peaux mixtes \u00e0 grasses.<\/p>\n<p>Sa formule contient des micelles hautement nettoyantes et de l&rsquo;Eau Thermale d&rsquo;Uriage aux propri\u00e9t\u00e9s apaisantes et anti-irritantes. Les tensioactifs non ioniques doux, constituants des micelles, agissent comme des aimants et captent le maquillage et les impuret\u00e9s. Sa formule est aussi enrichie en glyc\u00e9rine aux vertus hydratantes et en extraits de pomme verte et Pore refiner pour normaliser la quantit\u00e9 de s\u00e9bum et purifier la peau.<\/p>\n<p>La peau est propre et nette, souple, purifi\u00e9e et non collante.<\/p>\n<p>Hypoallerg\u00e9nique. Test\u00e9e sous contr\u00f4le ophtalmologique.<\/p>","protected":false},"featured_media":23614,"template":"","meta":{"arc_restricted_post":false},"product_cat":[48,333],"product_tag":[],"_links":{"self":[{"href":"https:\/\/www.sopha-sahara.com\/en\/wp-json\/wp\/v2\/product\/23441"}],"collection":[{"href":"https:\/\/www.sopha-sahara.com\/en\/wp-json\/wp\/v2\/product"}],"about":[{"href":"https:\/\/www.sopha-sahara.com\/en\/wp-json\/wp\/v2\/types\/product"}],"wp:featuredmedia":[{"embeddable":true,"href":"https:\/\/www.sopha-sahara.com\/en\/wp-json\/wp\/v2\/media\/23614"}],"wp:attachment":[{"href":"https:\/\/www.sopha-sahara.com\/en\/wp-json\/wp\/v2\/media?parent=23441"}],"wp:term":[{"taxonomy":"product_cat","embeddable":true,"href":"https:\/\/www.sopha-sahara.com\/en\/wp-json\/wp\/v2\/product_cat?post=23441"},{"taxonomy":"product_tag","embeddable":true,"href":"https:\/\/www.sopha-sahara.com\/en\/wp-json\/wp\/v2\/product_tag?post=23441"}],"curies":[{"name":"wp","href":"https:\/\/api.w.org\/{rel}","templated":true}]}}