{"id":23440,"date":"2020-12-15T10:55:58","date_gmt":"2020-12-15T09:55:58","guid":{"rendered":"https:\/\/www.interbusinesschamber.com\/produit\/uriage-bariederm-creme-mains-isolante-reparatrice-mains-abimees-50ml\/"},"modified":"2020-12-30T09:31:00","modified_gmt":"2020-12-30T08:31:00","slug":"uriage-bariederm-creme-mains-isolante-reparatrice-mains-abimees-50ml","status":"publish","type":"product","link":"https:\/\/www.sopha-sahara.com\/en\/product\/uriage-bariederm-creme-mains-isolante-reparatrice-mains-abimees-50ml\/","title":{"rendered":"URIAGE BARIEDERM CREME MAINS ISOLANTE REPARATRICE MAINS ABIMEES 50ML"},"content":{"rendered":"","protected":false},"excerpt":{"rendered":"<p>La\u00a0<strong>Cr\u00e8me Mains Isolante R\u00e9paratrice de la gamme\u00a0Bari\u00e9derm\u00a0d\u2019URIAGE<\/strong>\u00a0est une v\u00e9ritable cr\u00e8me barri\u00e8re. Elle aide \u00e0 apaiser, adoucir et nourrir les mains tr\u00e8s s\u00e8ches, expos\u00e9es aux produits chimiques et aux agressions quotidiennes.<\/p>\n<p>Gr\u00e2ce \u00e0 sa texture non collante, elle p\u00e9n\u00e8tre de mani\u00e8re rapide. Ce soin est invisible \u00e0 l\u2019application et poss\u00e8de une r\u00e9sistance \u00e0 l\u2019eau.\u00a0Cette cr\u00e8me associe 2 polym\u00e8res permettant une action isolante en surface tout en aidant \u00e0 lutter contre les agressions futures. Le miel de Manuka dans sa composition r\u00e9duit le risque de prolif\u00e9ration bact\u00e9rienne. Enrichi en Eau Thermale d\u2019Uriage, ce produit apaise les \u00e9pidermes fragilis\u00e9s.\u00a0<\/p>\n<p>Appliquer sur les mains aussi souvent que n\u00e9cessaire.<\/p>","protected":false},"featured_media":23562,"template":"","meta":{"arc_restricted_post":false},"product_cat":[48,333],"product_tag":[],"_links":{"self":[{"href":"https:\/\/www.sopha-sahara.com\/en\/wp-json\/wp\/v2\/product\/23440"}],"collection":[{"href":"https:\/\/www.sopha-sahara.com\/en\/wp-json\/wp\/v2\/product"}],"about":[{"href":"https:\/\/www.sopha-sahara.com\/en\/wp-json\/wp\/v2\/types\/product"}],"wp:featuredmedia":[{"embeddable":true,"href":"https:\/\/www.sopha-sahara.com\/en\/wp-json\/wp\/v2\/media\/23562"}],"wp:attachment":[{"href":"https:\/\/www.sopha-sahara.com\/en\/wp-json\/wp\/v2\/media?parent=23440"}],"wp:term":[{"taxonomy":"product_cat","embeddable":true,"href":"https:\/\/www.sopha-sahara.com\/en\/wp-json\/wp\/v2\/product_cat?post=23440"},{"taxonomy":"product_tag","embeddable":true,"href":"https:\/\/www.sopha-sahara.com\/en\/wp-json\/wp\/v2\/product_tag?post=23440"}],"curies":[{"name":"wp","href":"https:\/\/api.w.org\/{rel}","templated":true}]}}