{"id":23439,"date":"2020-12-15T10:55:58","date_gmt":"2020-12-15T09:55:58","guid":{"rendered":"https:\/\/www.interbusinesschamber.com\/produit\/uriage-bariederm-cica-spray-assechant-reparateur-peaux-fragilisees-100ml\/"},"modified":"2020-12-30T09:29:35","modified_gmt":"2020-12-30T08:29:35","slug":"uriage-bariederm-cica-spray-assechant-reparateur-peaux-fragilisees-100ml","status":"publish","type":"product","link":"https:\/\/www.sopha-sahara.com\/en\/product\/uriage-bariederm-cica-spray-assechant-reparateur-peaux-fragilisees-100ml\/","title":{"rendered":"URIAGE BARIEDERM CICA-SPRAY ASSECHANT REPARATEUR PEAUX FRAGILISEES 100ML"},"content":{"rendered":"<div class=\"product-tabs\">\n<div class=\"std\">\n<p><strong>Conseils d'utilisation<\/strong><\/p>\n<\/div>\n<\/div>\n<div class=\"product-tabs\">\n<div class=\"std\">\n<div class=\"grid-wrapper\">\n<div class=\"grid landscape-two widescreen-push\">\n<div class=\"container border\">\n<div class=\"product-advice\">\n<p>Bien agiter avant emploi. Vaporiser localement.\u00a0<br \/>Laisser agir en attendant l\u2019absorption compl\u00e8te du produit.\u00a0<br \/>\u00c9viter le contact avec les yeux.\u00a0<\/p>\n<\/div>\n<\/div>\n<\/div>\n<\/div>\n<\/div>\n<\/div>\n<div class=\"product-tabs\">\n<div class=\"title-border\">\n<p class=\"h2\"><strong>Composition<\/strong><\/p>\n<\/div>\n<div class=\"std\">\n<p>Formule INCI :\u00a0Aqua (Water), Butylene Glycol, Glycerin, Magnesium Aluminium Silicate, Peg-80 Glyceryl Cocoate, Chlorphenesin, Copper Gluconate, Sodium Dextran Sulfate, Xanthan Gum, Manganese Gluconate, PVP, Zinc Gluconate, Phytosphingosine, Sodium Hydroxide, Asiaticoside.<\/p>\n<p><em>Sans parfum.<\/em><\/p>\n<\/div>\n<\/div>","protected":false},"excerpt":{"rendered":"<p>URIAGE<br \/>Bari\u00e9derm<br \/>Cica-spray<br \/>Ass\u00e9chant r\u00e9parateur<br \/>Au Cu-Zn<br \/>R\u00e9pare, Ass\u00e8che, Anti-irritations<br \/>Visage et corps<br \/>Peaux fragilis\u00e9es, irrit\u00e9es<br \/>100ml<\/p>\n<p>Bari\u00e9derm Cica-Spray Ass\u00e9chant R\u00e9parateur est pratique et hygi\u00e9nique.\u00a0<br \/>Haute-tol\u00e9rance, il convient aux zones humides fragilis\u00e9es.<\/p>\n<p>Apaise :\u00a0La technologie brevet\u00e9e TLR2-Regul et l&rsquo;Eau Thermale d&rsquo;Uriage apaisent les \u00e9pidermes fragilis\u00e9s.<br \/>Assainit :\u00a0Le Gluconate de Cuivre et l\u2019Oxyde de Zinc r\u00e9gulent la flore cutan\u00e9e bact\u00e9rienne.<br \/>Absorbe :\u00a0La smectite absorbe les exc\u00e8s d\u2019humidit\u00e9 et ass\u00e8che les zones humides, suintantes ainsi que les zones de mac\u00e9ration et de plis cutan\u00e9s.<\/p>","protected":false},"featured_media":23560,"template":"","meta":{"arc_restricted_post":false},"product_cat":[48,333],"product_tag":[],"_links":{"self":[{"href":"https:\/\/www.sopha-sahara.com\/en\/wp-json\/wp\/v2\/product\/23439"}],"collection":[{"href":"https:\/\/www.sopha-sahara.com\/en\/wp-json\/wp\/v2\/product"}],"about":[{"href":"https:\/\/www.sopha-sahara.com\/en\/wp-json\/wp\/v2\/types\/product"}],"wp:featuredmedia":[{"embeddable":true,"href":"https:\/\/www.sopha-sahara.com\/en\/wp-json\/wp\/v2\/media\/23560"}],"wp:attachment":[{"href":"https:\/\/www.sopha-sahara.com\/en\/wp-json\/wp\/v2\/media?parent=23439"}],"wp:term":[{"taxonomy":"product_cat","embeddable":true,"href":"https:\/\/www.sopha-sahara.com\/en\/wp-json\/wp\/v2\/product_cat?post=23439"},{"taxonomy":"product_tag","embeddable":true,"href":"https:\/\/www.sopha-sahara.com\/en\/wp-json\/wp\/v2\/product_tag?post=23439"}],"curies":[{"name":"wp","href":"https:\/\/api.w.org\/{rel}","templated":true}]}}