{"id":23438,"date":"2020-12-15T10:55:58","date_gmt":"2020-12-15T09:55:58","guid":{"rendered":"https:\/\/www.interbusinesschamber.com\/produit\/uriage-depiderm-creme-mains-50-ml\/"},"modified":"2020-12-31T10:08:47","modified_gmt":"2020-12-31T09:08:47","slug":"uriage-depiderm-creme-mains-50-ml","status":"publish","type":"product","link":"https:\/\/www.sopha-sahara.com\/en\/product\/uriage-depiderm-creme-mains-50-ml\/","title":{"rendered":"URIAGE DEPIDERM CR\u00c8ME MAINS 50 ML"},"content":{"rendered":"","protected":false},"excerpt":{"rendered":"<div class=\"product-tabs\">\n<div class=\"title-border\">\n<p class=\"h2\">Uriage Depiderm Cr\u00e8me Mains Anti-Taches SPF15 cr\u00e8me nourrissante et protectrice SPF 15 corrige les taches brunes tout en pr\u00e9venant leur apparition. Dot\u00e9e d\u2019une texture l\u00e9g\u00e8re et soyeuse, elle laisse un fini velout\u00e9. Souples et douces, les mains retrouvent leur uniformit\u00e9.\u00a0<\/p>\n<p>Corrige les taches\u00a0<br \/>Dot\u00e9e du complexe Cx, une solution ultra concentr\u00e9e \u00e0 20% d\u2019actifs anti-taches, apaisants et anti-oxydants, [Extrait de pois et de sucrose, Vitamine C, Eau Thermale d\u2019Uriage, Enoxolone], elle corrige les taches brunes et homog\u00e9n\u00e9ise la pigmentation des mains.\u00a0<\/p>\n<p>Pr\u00e9vient les taches\u00a0<br \/>Gr\u00e2ce \u00e0 son syst\u00e8me de filtres UV SPF15, cette cr\u00e8me pr\u00e9vient l\u2019apparition des taches sur les mains au quotidien.\u00a0<\/p>\n<\/div>\n<\/div>\n","protected":false},"featured_media":23596,"template":"","meta":{"arc_restricted_post":false},"product_cat":[48,333],"product_tag":[],"_links":{"self":[{"href":"https:\/\/www.sopha-sahara.com\/en\/wp-json\/wp\/v2\/product\/23438"}],"collection":[{"href":"https:\/\/www.sopha-sahara.com\/en\/wp-json\/wp\/v2\/product"}],"about":[{"href":"https:\/\/www.sopha-sahara.com\/en\/wp-json\/wp\/v2\/types\/product"}],"wp:featuredmedia":[{"embeddable":true,"href":"https:\/\/www.sopha-sahara.com\/en\/wp-json\/wp\/v2\/media\/23596"}],"wp:attachment":[{"href":"https:\/\/www.sopha-sahara.com\/en\/wp-json\/wp\/v2\/media?parent=23438"}],"wp:term":[{"taxonomy":"product_cat","embeddable":true,"href":"https:\/\/www.sopha-sahara.com\/en\/wp-json\/wp\/v2\/product_cat?post=23438"},{"taxonomy":"product_tag","embeddable":true,"href":"https:\/\/www.sopha-sahara.com\/en\/wp-json\/wp\/v2\/product_tag?post=23438"}],"curies":[{"name":"wp","href":"https:\/\/api.w.org\/{rel}","templated":true}]}}