{"id":23437,"date":"2020-12-15T10:55:58","date_gmt":"2020-12-15T09:55:58","guid":{"rendered":"https:\/\/www.interbusinesschamber.com\/produit\/uriage-bariesun-creme-solaire-teintee-claire-spf-50\/"},"modified":"2020-12-30T09:36:16","modified_gmt":"2020-12-30T08:36:16","slug":"uriage-bariesun-creme-solaire-teintee-claire-spf-50","status":"publish","type":"product","link":"https:\/\/www.sopha-sahara.com\/en\/product\/uriage-bariesun-creme-solaire-teintee-claire-spf-50\/","title":{"rendered":"URIAGE BARIESUN CR\u00c8ME SOLAIRE TEINT\u00c9E CLAIRE SPF 50 +"},"content":{"rendered":"<p><strong>R\u00e9sultat\u00a0:<\/strong>\u00a0<\/p>\n<p>La peau prend une couleur dor\u00e9e des plus naturelles. Hydrat\u00e9e et prot\u00e9g\u00e9e, elle rayonne de beaut\u00e9.<\/p>\n<p><strong>Conseils beaut\u00e9<\/strong><\/p>\n<p>Ce soin peut se subsituer au fond de teint habituel. Il s'applique en quantit\u00e9 g\u00e9n\u00e9reuse avant une sortie en ville ou toute exposition au soleil. Renouveler fr\u00e9quemment et syst\u00e9matiquement l'application apr\u00e8s un bain ou un effort physique. Eviter le contact avec les textiles fragiles.<\/p>","protected":false},"excerpt":{"rendered":"<p><strong>Les Laboratoires Dermatologiques d&rsquo;Uriage<\/strong>\u00a0renforcent l&rsquo;efficacit\u00e9 protectrice de leur<strong>\u00a0Cr\u00e8me Teint\u00e9e<\/strong>\u00a0dor\u00e9navant en\u00a0<strong>SPF50+<\/strong>, pour prot\u00e9ger la peau de mani\u00e8re optimale contre le rayonnement UV et en toute saison.<\/p>\n<p>Enrichi en\u00a0<strong>Eau Thermale d&rsquo;Uriage<\/strong>, ce soin assure une tr\u00e8s haute protection contre les UVA et UVB, une hydratation intense et une protection anti-radicalaire longue dur\u00e9e.<\/p>\n<p>Protecteur, hydratant et teint\u00e9, ce soin est id\u00e9al pour ceux qui ne peuvent pas s&rsquo;exposer mais souhaitent avoir un teint bronz\u00e9 ou un h\u00e2le dor\u00e9 imm\u00e9diat et un teint unifi\u00e9, vraiment parfait.<\/p>","protected":false},"featured_media":23568,"template":"","meta":{"arc_restricted_post":false},"product_cat":[48,333],"product_tag":[],"_links":{"self":[{"href":"https:\/\/www.sopha-sahara.com\/en\/wp-json\/wp\/v2\/product\/23437"}],"collection":[{"href":"https:\/\/www.sopha-sahara.com\/en\/wp-json\/wp\/v2\/product"}],"about":[{"href":"https:\/\/www.sopha-sahara.com\/en\/wp-json\/wp\/v2\/types\/product"}],"wp:featuredmedia":[{"embeddable":true,"href":"https:\/\/www.sopha-sahara.com\/en\/wp-json\/wp\/v2\/media\/23568"}],"wp:attachment":[{"href":"https:\/\/www.sopha-sahara.com\/en\/wp-json\/wp\/v2\/media?parent=23437"}],"wp:term":[{"taxonomy":"product_cat","embeddable":true,"href":"https:\/\/www.sopha-sahara.com\/en\/wp-json\/wp\/v2\/product_cat?post=23437"},{"taxonomy":"product_tag","embeddable":true,"href":"https:\/\/www.sopha-sahara.com\/en\/wp-json\/wp\/v2\/product_tag?post=23437"}],"curies":[{"name":"wp","href":"https:\/\/api.w.org\/{rel}","templated":true}]}}