{"id":23436,"date":"2020-12-15T10:55:57","date_gmt":"2020-12-15T09:55:57","guid":{"rendered":"https:\/\/www.interbusinesschamber.com\/produit\/uriage-bariesun-creme-teintee-doree-spf-50-50ml\/"},"modified":"2020-12-30T09:37:35","modified_gmt":"2020-12-30T08:37:35","slug":"uriage-bariesun-creme-teintee-doree-spf-50-50ml","status":"publish","type":"product","link":"https:\/\/www.sopha-sahara.com\/en\/product\/uriage-bariesun-creme-teintee-doree-spf-50-50ml\/","title":{"rendered":"URIAGE BARIESUN CREME TEINTEE DOREE SPF 50+ 50ML"},"content":{"rendered":"","protected":false},"excerpt":{"rendered":"<div class=\"product-intro\">\n<p>Gr\u00e2ce \u00e0 un complexe filtrant tr\u00e8s performant, la cr\u00e8me apporte une tr\u00e8s haute protection contre les UVA, les UVB, les radicaux libres et pr\u00e9vient du dess\u00e8chement cutan\u00e9. Sa texture l\u00e9g\u00e8re, non grasse et agr\u00e9ablement parfum\u00e9e garantit un plaisir d\u2019utilisation renouvel\u00e9 \u00e0 chaque application. Cette cr\u00e8me subtilement nacr\u00e9e sublime le teint d\u2019un \u00e9clat dor\u00e9 tout en garantissant une haute s\u00e9curit\u00e9, une grande tol\u00e9rance et une p\u00e9n\u00e9tration rapide.<\/p>\n<\/div>\n<div class=\"product-description\">\n<h4>Pr\u00e9vient contre le photo-vieillissement<\/h4>\n<p>L\u2019Eau Thermale d\u2019Uriage, au c\u0153ur des formules Bari\u00e9sun permet de lutter contre les m\u00e9faits du soleil. La barri\u00e8re cutan\u00e9e est alors renforc\u00e9e et l\u2019ADN est prot\u00e9g\u00e9 de sa d\u00e9gradation par les UV*.<\/p>\n<h4>Prot\u00e8ge contre les UV<\/h4>\n<p>Son nouveau complexe de filtres de derni\u00e8re g\u00e9n\u00e9ration assure une tr\u00e8s haute protection contre les UV. Ce soin garantit une photostabilit\u00e9 prouv\u00e9e et une large couverture UVB-UVA.<\/p>\n<h4>Hydrate intens\u00e9ment<\/h4>\n<p>Enrichi en Aquaspongines et en Eau Thermale d&rsquo;Uriage, la cr\u00e8me assure une protection intense contre le dess\u00e8chement.<\/p>\n<\/div>","protected":false},"featured_media":23570,"template":"","meta":{"arc_restricted_post":false},"product_cat":[48,333],"product_tag":[],"_links":{"self":[{"href":"https:\/\/www.sopha-sahara.com\/en\/wp-json\/wp\/v2\/product\/23436"}],"collection":[{"href":"https:\/\/www.sopha-sahara.com\/en\/wp-json\/wp\/v2\/product"}],"about":[{"href":"https:\/\/www.sopha-sahara.com\/en\/wp-json\/wp\/v2\/types\/product"}],"wp:featuredmedia":[{"embeddable":true,"href":"https:\/\/www.sopha-sahara.com\/en\/wp-json\/wp\/v2\/media\/23570"}],"wp:attachment":[{"href":"https:\/\/www.sopha-sahara.com\/en\/wp-json\/wp\/v2\/media?parent=23436"}],"wp:term":[{"taxonomy":"product_cat","embeddable":true,"href":"https:\/\/www.sopha-sahara.com\/en\/wp-json\/wp\/v2\/product_cat?post=23436"},{"taxonomy":"product_tag","embeddable":true,"href":"https:\/\/www.sopha-sahara.com\/en\/wp-json\/wp\/v2\/product_tag?post=23436"}],"curies":[{"name":"wp","href":"https:\/\/api.w.org\/{rel}","templated":true}]}}