{"id":23435,"date":"2020-12-15T10:55:57","date_gmt":"2020-12-15T09:55:57","guid":{"rendered":"https:\/\/www.interbusinesschamber.com\/produit\/uriage-1ere-eau-lingettes-nettoyantes-extradouces\/"},"modified":"2020-12-31T10:00:37","modified_gmt":"2020-12-31T09:00:37","slug":"uriage-1ere-eau-lingettes-nettoyantes-extradouces","status":"publish","type":"product","link":"https:\/\/www.sopha-sahara.com\/en\/product\/uriage-1ere-eau-lingettes-nettoyantes-extradouces\/","title":{"rendered":"URIAGE 1ERE EAU, LINGETTES NETTOYANTES EXTRADOUCES"},"content":{"rendered":"<p><strong>Formule :<\/strong><br \/>Hypoallergenique,sans paraben, et sans alcool.<br \/>60% eau thermale Uriage.<br \/>Uriage thermal spring water,\u00a0<span class=\"lien_chimie\">Aqua<\/span>,\u00a0<span class=\"lien_chimie\">glycerin<\/span>,\u00a0<span class=\"lien_chimie\">benzyl alcohol<\/span>, poloxamer 184,\u00a0<span class=\"lien_chimie\">PPG-26 buteth-26<\/span>,\u00a0<span class=\"lien_chimie\">PEG-80 glyceryl cocoate<\/span>, PEG-40\u00a0<span class=\"lien_chimie\">hydrogenated castor oil<\/span>, polyaminopropyl biguanide, fragance,\u00a0<span class=\"lien_chimie\">citric acid<\/span>, Aloe barbadensis.<\/p>\n<div>\u00a0<\/div>\n<p><span class=\"H4_titrecourant\"><strong>Conseils d'utilisation<\/strong>\u00a0:<\/span><br \/>Nettoie d\u00e9licatement et \u00e9limine les salissures.<br \/>S'applique avec un coton.<\/p>","protected":false},"excerpt":{"rendered":"<p>Toilette quotidienne du nourisson et du b\u00e9b\u00e9.<br \/>Nettoyant sans rin\u00e7age pour le visage, corps et siege du b\u00e9b\u00e9.<\/p>","protected":false},"featured_media":23549,"template":"","meta":{"arc_restricted_post":false},"product_cat":[48,333],"product_tag":[],"_links":{"self":[{"href":"https:\/\/www.sopha-sahara.com\/en\/wp-json\/wp\/v2\/product\/23435"}],"collection":[{"href":"https:\/\/www.sopha-sahara.com\/en\/wp-json\/wp\/v2\/product"}],"about":[{"href":"https:\/\/www.sopha-sahara.com\/en\/wp-json\/wp\/v2\/types\/product"}],"wp:featuredmedia":[{"embeddable":true,"href":"https:\/\/www.sopha-sahara.com\/en\/wp-json\/wp\/v2\/media\/23549"}],"wp:attachment":[{"href":"https:\/\/www.sopha-sahara.com\/en\/wp-json\/wp\/v2\/media?parent=23435"}],"wp:term":[{"taxonomy":"product_cat","embeddable":true,"href":"https:\/\/www.sopha-sahara.com\/en\/wp-json\/wp\/v2\/product_cat?post=23435"},{"taxonomy":"product_tag","embeddable":true,"href":"https:\/\/www.sopha-sahara.com\/en\/wp-json\/wp\/v2\/product_tag?post=23435"}],"curies":[{"name":"wp","href":"https:\/\/api.w.org\/{rel}","templated":true}]}}