{"id":23434,"date":"2020-12-15T10:55:57","date_gmt":"2020-12-15T09:55:57","guid":{"rendered":"https:\/\/www.interbusinesschamber.com\/produit\/uriage-xemose-creme-apaisante-relipidante-anti-irritations-400-ml\/"},"modified":"2020-12-30T11:22:00","modified_gmt":"2020-12-30T10:22:00","slug":"uriage-xemose-creme-apaisante-relipidante-anti-irritations-400-ml","status":"publish","type":"product","link":"https:\/\/www.sopha-sahara.com\/en\/product\/uriage-xemose-creme-apaisante-relipidante-anti-irritations-400-ml\/","title":{"rendered":"URIAGE X\u00c9MOSE CR\u00c8ME APAISANTE RELIPIDANTE ANTI-IRRITATIONS 400 ML"},"content":{"rendered":"<h4>CONSEILS D'UTILISATION<\/h4>\n<p>Appliquer sur une peau propre au quotidien sur le visage et sur le corps.<\/p>\n<p>B\u00e9b\u00e9, enfant, adulte.<\/p>\n<p>&nbsp;<\/p>\n<div id=\"idTab1004\" class=\"rte\">\n<h4>AVANTAGES:<\/h4>\n<ul>\n<li>- Protection instantan\u00e9e.<\/li>\n<li>- Efficacit\u00e9 prouv\u00e9e.<\/li>\n<\/ul>\n<\/div>","protected":false},"excerpt":{"rendered":"<p>Une cr\u00e8me qui soulage les peaux s\u00e8ches, tr\u00e8s s\u00e8ches et les peaux \u00e0 tendance allergique. Avec son eau thermale d\u2019Uriage qui hydrate et prot\u00e8ge la peau des attaques ext\u00e9rieurs, ainsi que son Cerasterol-2F qui stimule la r\u00e9g\u00e9n\u00e9ration cellulaire et att\u00e9nue la douleur des irritations.<\/p>\n<p><strong>XEMOSE CREME EMOLIENTE UNIVERSELLE 400ML URIAGE<\/strong>\u00a0vous garantit une protection renforc\u00e9. Sans paraben et sans parfum<\/p>","protected":false},"featured_media":23667,"template":"","meta":{"arc_restricted_post":false},"product_cat":[48,333],"product_tag":[],"_links":{"self":[{"href":"https:\/\/www.sopha-sahara.com\/en\/wp-json\/wp\/v2\/product\/23434"}],"collection":[{"href":"https:\/\/www.sopha-sahara.com\/en\/wp-json\/wp\/v2\/product"}],"about":[{"href":"https:\/\/www.sopha-sahara.com\/en\/wp-json\/wp\/v2\/types\/product"}],"wp:featuredmedia":[{"embeddable":true,"href":"https:\/\/www.sopha-sahara.com\/en\/wp-json\/wp\/v2\/media\/23667"}],"wp:attachment":[{"href":"https:\/\/www.sopha-sahara.com\/en\/wp-json\/wp\/v2\/media?parent=23434"}],"wp:term":[{"taxonomy":"product_cat","embeddable":true,"href":"https:\/\/www.sopha-sahara.com\/en\/wp-json\/wp\/v2\/product_cat?post=23434"},{"taxonomy":"product_tag","embeddable":true,"href":"https:\/\/www.sopha-sahara.com\/en\/wp-json\/wp\/v2\/product_tag?post=23434"}],"curies":[{"name":"wp","href":"https:\/\/api.w.org\/{rel}","templated":true}]}}