{"id":23433,"date":"2020-12-15T10:55:57","date_gmt":"2020-12-15T09:55:57","guid":{"rendered":"https:\/\/www.interbusinesschamber.com\/produit\/uriage-ds-lotion-100ml\/"},"modified":"2020-12-30T10:26:33","modified_gmt":"2020-12-30T09:26:33","slug":"uriage-ds-lotion-100ml","status":"publish","type":"product","link":"https:\/\/www.sopha-sahara.com\/en\/product\/uriage-ds-lotion-100ml\/","title":{"rendered":"URIAGE DS LOTION 100ML"},"content":{"rendered":"<div id=\"product_info_desc\">\n<h4>Propri\u00e9t\u00e9s:<\/h4>\n<p>La D.S. LOTION SPRAY APAISANT REGULATEUR, contient :<\/p>\n<ul>\n<li><strong>- Le Complexe TLR2-Regul<\/strong>\n<ul>\n<li>Les actifs contenus dans ce complexe vont agir sur la diminution de l'inflammation et des irritations du cuir chevelu.<\/li>\n<\/ul>\n<\/li>\n<li><strong>- De l'Eau Thermale d'Uriage<\/strong>\n<ul>\n<li>Riche en min\u00e9raux et oligo-\u00e9l\u00e9ments, cette eau apaise, hydrate et renforce les d\u00e9fenses du cuir chevelu.<\/li>\n<\/ul>\n<\/li>\n<li><strong>- Du Piroctone Olamine<\/strong>\n<ul>\n<li>Cet actif assainissant et purifiant neutralise la prolif\u00e9ration des micro-organismes, responsables des \u00e9tats pelliculaires s\u00e9v\u00e8res et \u00e9quilibre durablement le cuir chevelu.<\/li>\n<\/ul>\n<\/li>\n<li><strong>- De l'Huile Essentielle de Cade<\/strong>\n<ul>\n<li>Cette essence, favorise l'\u00e9limination et pr\u00e9vient l'apparition des squames tout en dynamisant le renouvellement cellulaire.<\/li>\n<\/ul>\n<\/li>\n<li><strong>- Une Formule Hypoallerg\u00e9nique<\/strong>\n<ul>\n<li>Le soin est non com\u00e9dog\u00e8ne, sans parfum et sans paraben, afin de r\u00e9duire les risques de r\u00e9action cutan\u00e9e.<\/li>\n<\/ul>\n<\/li>\n<\/ul>\n<\/div>\n<div id=\"product_info_desc\">\n<h4>R\u00e9sultats:<\/h4>\n<\/div>\n<div id=\"product_info_desc\">Ce soin est r\u00e9ponse efficace et quotidienne \u00e0 vos probl\u00e8mes de pellicules et de squames, afin de retrouver un cuir chevelu sain et normalis\u00e9, mais surtout d'un grand confort.<\/div>\n<div>\u00a0<\/div>\n<div id=\"product_info_desc\">\n<h4>Conseils d'utilisation:<\/h4>\n<p>Ce soin s'utilise sur un cuir chevelu sec ou mouill\u00e9, deux fois par jour en cas de crise et un fois par jour en entretien :<\/p>\n<ul>\n<li>- Vaporisez raie par raie, laissez agir et proc\u00e9dez \u00e0 votre coiffage sans rincer.<\/li>\n<\/ul>\n<\/div>","protected":false},"excerpt":{"rendered":"<p>URIAGE D.S LOTION SPRAY APAISANT REGULATEUR CUIR CHEVELU 100ML (Pellicules et d\u00e9mangeaison)<\/p>\n<p>Les \u00e9tats pelliculaires s\u00e9v\u00e8res, s&rsquo;aggravent rapidement par la formation de squames et l&rsquo;apparition de d\u00e9mangeaisons fortement d\u00e9sagr\u00e9ables qui d\u00e9g\u00e9n\u00e8rent vite en irritations et inflammations, c&rsquo;est pourquoi une prise en charge rapide et efficace, est essentielle. Ce ph\u00e9nom\u00e8ne irritant est provoqu\u00e9 par la pr\u00e9sence d&rsquo;une levure sp\u00e9cifique : Malassezia furfur, responsable de la dermite s\u00e9borrh\u00e9ique, qui doit \u00eatre neutralis\u00e9e et \u00e9quilibr\u00e9e afin de retrouver le confort du cuir chevelu.<\/p>","protected":false},"featured_media":23611,"template":"","meta":{"arc_restricted_post":false},"product_cat":[48,333],"product_tag":[],"_links":{"self":[{"href":"https:\/\/www.sopha-sahara.com\/en\/wp-json\/wp\/v2\/product\/23433"}],"collection":[{"href":"https:\/\/www.sopha-sahara.com\/en\/wp-json\/wp\/v2\/product"}],"about":[{"href":"https:\/\/www.sopha-sahara.com\/en\/wp-json\/wp\/v2\/types\/product"}],"wp:featuredmedia":[{"embeddable":true,"href":"https:\/\/www.sopha-sahara.com\/en\/wp-json\/wp\/v2\/media\/23611"}],"wp:attachment":[{"href":"https:\/\/www.sopha-sahara.com\/en\/wp-json\/wp\/v2\/media?parent=23433"}],"wp:term":[{"taxonomy":"product_cat","embeddable":true,"href":"https:\/\/www.sopha-sahara.com\/en\/wp-json\/wp\/v2\/product_cat?post=23433"},{"taxonomy":"product_tag","embeddable":true,"href":"https:\/\/www.sopha-sahara.com\/en\/wp-json\/wp\/v2\/product_tag?post=23433"}],"curies":[{"name":"wp","href":"https:\/\/api.w.org\/{rel}","templated":true}]}}