{"id":23432,"date":"2020-12-15T10:55:57","date_gmt":"2020-12-15T09:55:57","guid":{"rendered":"https:\/\/www.interbusinesschamber.com\/produit\/uriage-hyseac-mat-40ml\/"},"modified":"2020-12-30T11:00:11","modified_gmt":"2020-12-30T10:00:11","slug":"uriage-hyseac-mat-40ml","status":"publish","type":"product","link":"https:\/\/www.sopha-sahara.com\/en\/product\/uriage-hyseac-mat-40ml\/","title":{"rendered":"URIAGE HYSEAC MAT 40ML"},"content":{"rendered":"<p><strong>Atouts :<\/strong><br \/>Une triple action pour un soin quotidien.<br \/>Un concentr\u00e9 d\u2019efficacit\u00e9 dans un soin plaisir.<br \/>Une excellente base de maquillage.<\/p>\n<p><strong>Indications :<\/strong><br \/>Peaux mixtes \u00e0 grasses.<\/p>\n<p><strong>Formule :<\/strong><br \/>Texture : Gel-cr\u00e8me.<br \/>Composition : Pore Refinyl\u00ae - Extrait de Licorice - Eau Thermale d\u2019Uriage.<br \/>Haute tol\u00e9rance : Hypoallerg\u00e9nique - Non com\u00e9dog\u00e8ne.<\/p>\n<div>\u00a0<\/div>\n<p><strong>Conseils d'utilisation :<\/strong><br \/>A appliquer matin et\/ou soir sur une peau parfaitement nettoy\u00e9e.<\/p>","protected":false},"excerpt":{"rendered":"<p>Hys\u00e9ac Mat\u2019 est un soin matifiant d\u2019une texture exceptionnelle.<br \/>Ce soin mi-gel mi-cr\u00e8me, d\u00e9licatement parfum\u00e9, laisse un fini mat et une peau extr\u00eamement velout\u00e9e.<\/p>\n<p>L\u2019innovation de la formule r\u00e9side dans sa triple performance :<br \/>Une action matifiante longue dur\u00e9e.<br \/>Une hydratation optimale gr\u00e2ce \u00e0 l\u2019Eau Thermale d\u2019Uriage.<br \/>Un grain de peau resserr\u00e9 et affin\u00e9.<\/p>","protected":false},"featured_media":23644,"template":"","meta":{"arc_restricted_post":false},"product_cat":[48,333],"product_tag":[],"_links":{"self":[{"href":"https:\/\/www.sopha-sahara.com\/en\/wp-json\/wp\/v2\/product\/23432"}],"collection":[{"href":"https:\/\/www.sopha-sahara.com\/en\/wp-json\/wp\/v2\/product"}],"about":[{"href":"https:\/\/www.sopha-sahara.com\/en\/wp-json\/wp\/v2\/types\/product"}],"wp:featuredmedia":[{"embeddable":true,"href":"https:\/\/www.sopha-sahara.com\/en\/wp-json\/wp\/v2\/media\/23644"}],"wp:attachment":[{"href":"https:\/\/www.sopha-sahara.com\/en\/wp-json\/wp\/v2\/media?parent=23432"}],"wp:term":[{"taxonomy":"product_cat","embeddable":true,"href":"https:\/\/www.sopha-sahara.com\/en\/wp-json\/wp\/v2\/product_cat?post=23432"},{"taxonomy":"product_tag","embeddable":true,"href":"https:\/\/www.sopha-sahara.com\/en\/wp-json\/wp\/v2\/product_tag?post=23432"}],"curies":[{"name":"wp","href":"https:\/\/api.w.org\/{rel}","templated":true}]}}