{"id":23431,"date":"2020-12-15T10:55:57","date_gmt":"2020-12-15T09:55:57","guid":{"rendered":"https:\/\/www.interbusinesschamber.com\/produit\/uriage-bebe-1ere-creme-lavante-200-ml\/"},"modified":"2020-12-31T10:05:35","modified_gmt":"2020-12-31T09:05:35","slug":"uriage-bebe-1ere-creme-lavante-200-ml","status":"publish","type":"product","link":"https:\/\/www.sopha-sahara.com\/en\/product\/uriage-bebe-1ere-creme-lavante-200-ml\/","title":{"rendered":"URIAGE BEBE 1\u00c8RE CR\u00c8ME LAVANTE 200 ML"},"content":{"rendered":"","protected":false},"excerpt":{"rendered":"<p>D\u2019une grande douceur et tr\u00e8s respectueuse de la peau, la\u00a0cr\u00e8me lavante Uriage B\u00e9b\u00e9\u00a0permet de donner le bain \u00e0 vos tout-petits en y alliant un moment de plaisir et de tendresse. Elle est \u00e9galement source de bienfaits cutan\u00e9s, car elle ne dess\u00e8che pas la peau, et n\u2019attaque pas le film hydrolipidique.<\/p>\n<p>Sa tr\u00e8s bonne tol\u00e9rance cutan\u00e9e a \u00e9t\u00e9 v\u00e9rifi\u00e9e sous contr\u00f4le dermatologique et p\u00e9diatrique, et elle ne contient aucune trace de savon afin de ne pas agresser la peau. Totalement\u00a0hypoallerg\u00e9nique, elle jouit d\u2019unpH physiologique\u00a0qui s\u2019adapte parfaitement \u00e0 l\u2019\u00e9piderme encore fragile des jeunes enfants.<\/p>\n<p>Diff\u00e9rents principes actifs composent la\u00a0cr\u00e8me lavante Uriage B\u00e9b\u00e9\u00a0pour lui conf\u00e9rer toute son efficacit\u00e9. On y retrouve tout d\u2019abord la fameuse\u00a0eau thermale d\u2019Uriage, qui emp\u00eache la d\u00e9shydratation de l\u2019\u00e9piderme et pr\u00e9serve l\u2019\u00e9quilibre de ses cellules, et qui aide dans le m\u00eame temps \u00e0 renforcer la barri\u00e8re cutan\u00e9e.<\/p>\n<p>La\u00a0glyc\u00e9rine\u00a0permet quant \u00e0 elle de retenir l\u2019eau au c\u0153ur des couches sup\u00e9rieures de la peau, afin que celle-ci gagne en \u00e9lasticit\u00e9 et en souplesse, mais aussi qu\u2019elle soit r\u00e9sistante face aux agressions venues de l\u2019ext\u00e9rieur. Le\u00a0beurre d\u2019illip\u00e9\u00a0est pour sa part tr\u00e8s nourrissant et contribue \u00e0 la bonne constitution de la peau, tout en aidant \u00e0 cicatriser les \u00e9ventuelles petites plaies. Il est \u00e9galement tr\u00e8s b\u00e9n\u00e9fique pour les cheveux, en aidant \u00e0 les fortifier et \u00e0 souligner leur \u00e9clat.<\/p>\n<div class=\"row\">\n<div class=\"col-md-12 col-xs-12\">\n<div class=\"tab-product\">\n<div class=\"tab-content\">\n<div id=\"advice_product\" class=\"tab-pane fade active in\">\n<div>\n<p>Utiliser quotidiennement pour assurer \u00e0 b\u00e9b\u00e9 une peau douce et souple. Doit \u00eatre appliqu\u00e9 sur une peau d\u00e9j\u00e0 mouill\u00e9e, en prenant le soin de bien faire mousser puis de rincer \u00e0 l\u2019eau claire.<\/p>\n<\/div>\n<\/div>\n<\/div>\n<\/div>\n<\/div>\n<\/div>","protected":false},"featured_media":23577,"template":"","meta":{"arc_restricted_post":false},"product_cat":[48,333],"product_tag":[],"_links":{"self":[{"href":"https:\/\/www.sopha-sahara.com\/en\/wp-json\/wp\/v2\/product\/23431"}],"collection":[{"href":"https:\/\/www.sopha-sahara.com\/en\/wp-json\/wp\/v2\/product"}],"about":[{"href":"https:\/\/www.sopha-sahara.com\/en\/wp-json\/wp\/v2\/types\/product"}],"wp:featuredmedia":[{"embeddable":true,"href":"https:\/\/www.sopha-sahara.com\/en\/wp-json\/wp\/v2\/media\/23577"}],"wp:attachment":[{"href":"https:\/\/www.sopha-sahara.com\/en\/wp-json\/wp\/v2\/media?parent=23431"}],"wp:term":[{"taxonomy":"product_cat","embeddable":true,"href":"https:\/\/www.sopha-sahara.com\/en\/wp-json\/wp\/v2\/product_cat?post=23431"},{"taxonomy":"product_tag","embeddable":true,"href":"https:\/\/www.sopha-sahara.com\/en\/wp-json\/wp\/v2\/product_tag?post=23431"}],"curies":[{"name":"wp","href":"https:\/\/api.w.org\/{rel}","templated":true}]}}