{"id":23430,"date":"2020-12-15T10:55:56","date_gmt":"2020-12-15T09:55:56","guid":{"rendered":"https:\/\/www.interbusinesschamber.com\/produit\/uriage-bebe-1ere-creme-lavante-visage-corps-et-cuir-chevelu-500ml\/"},"modified":"2020-12-30T09:43:59","modified_gmt":"2020-12-30T08:43:59","slug":"uriage-bebe-1ere-creme-lavante-visage-corps-et-cuir-chevelu-500ml","status":"publish","type":"product","link":"https:\/\/www.sopha-sahara.com\/en\/product\/uriage-bebe-1ere-creme-lavante-visage-corps-et-cuir-chevelu-500ml\/","title":{"rendered":"URIAGE BEBE 1\u00c8RE CREME LAVANTE VISAGE CORPS ET CUIR CHEVELU 500ML"},"content":{"rendered":"<div class=\"product-tabs\">\n<div class=\"title-border\">\n<h4 class=\"h2\">Conseils d'utilisation<\/h4>\n<\/div>\n<div class=\"std\">\n<p>A utiliser quotidiennement pour maintenir une peau douce et souple.\u00a0<br \/>Bien faire mousser et rincer.<\/p>\n<\/div>\n<\/div>\n<div class=\"product-tabs\">\n<div class=\"title-border\">\n<h4 class=\"h2\">Composition<\/h4>\n<\/div>\n<div class=\"std\">\n<p>Formule INCI: Aqua (water), uriage thermal spring water, magn\u00e9sium laureth sulfat, decyl glucoside, glycerin, cocamidopropyl betaine, parfum (fragrance), styrene\/acrylates copolymer, sodium chloride, PEG-120, methyl glucose dioleate, DMDM Hydantoin, citric acid, shorea stenoptera (shorea stenoptera butter).<\/p>\n<\/div>\n<\/div>","protected":false},"excerpt":{"rendered":"<p>URIAGE BEBE<br \/>Eau thermale<br \/>1\u00e8re cr\u00e8me lavante<br \/>Nettoie, nourrit et adoucit<br \/>Visage, corps et cuir chevelu 500 ml<\/p>\n<p>A base d\u2019Eau Thermale d\u2019Uriage, cette cr\u00e8me lavante onctueuse et agr\u00e9ablement parfum\u00e9e, nettoie en douceur et pr\u00e9serve le film hydrolipidique pour une peau douce et souple.<\/p>\n<p><em>Nettoie<\/em><br \/>Sa base lavante sans savon \u00e0 pH physiologique \u00e9limine les impuret\u00e9s en douceur.<\/p>\n<p><em>Nourrit et adoucit<\/em><br \/>Avec 1\/3 de lait nourrissant, la cr\u00e8me pr\u00e9serve le film hydrolipidique, respecte l\u2019\u00e9quilibre cutan\u00e9 et ne dess\u00e8che pas la peau.<\/p>","protected":false},"featured_media":23578,"template":"","meta":{"arc_restricted_post":false},"product_cat":[48,333],"product_tag":[],"_links":{"self":[{"href":"https:\/\/www.sopha-sahara.com\/en\/wp-json\/wp\/v2\/product\/23430"}],"collection":[{"href":"https:\/\/www.sopha-sahara.com\/en\/wp-json\/wp\/v2\/product"}],"about":[{"href":"https:\/\/www.sopha-sahara.com\/en\/wp-json\/wp\/v2\/types\/product"}],"wp:featuredmedia":[{"embeddable":true,"href":"https:\/\/www.sopha-sahara.com\/en\/wp-json\/wp\/v2\/media\/23578"}],"wp:attachment":[{"href":"https:\/\/www.sopha-sahara.com\/en\/wp-json\/wp\/v2\/media?parent=23430"}],"wp:term":[{"taxonomy":"product_cat","embeddable":true,"href":"https:\/\/www.sopha-sahara.com\/en\/wp-json\/wp\/v2\/product_cat?post=23430"},{"taxonomy":"product_tag","embeddable":true,"href":"https:\/\/www.sopha-sahara.com\/en\/wp-json\/wp\/v2\/product_tag?post=23430"}],"curies":[{"name":"wp","href":"https:\/\/api.w.org\/{rel}","templated":true}]}}