{"id":23429,"date":"2020-12-15T10:55:56","date_gmt":"2020-12-15T09:55:56","guid":{"rendered":"https:\/\/www.interbusinesschamber.com\/produit\/uriage-eau-thermale-lait-veloute-corps-lait-hydratant-24h-500-ml\/"},"modified":"2020-12-30T10:49:03","modified_gmt":"2020-12-30T09:49:03","slug":"uriage-eau-thermale-lait-veloute-corps-lait-hydratant-24h-500-ml","status":"publish","type":"product","link":"https:\/\/www.sopha-sahara.com\/en\/product\/uriage-eau-thermale-lait-veloute-corps-lait-hydratant-24h-500-ml\/","title":{"rendered":"URIAGE EAU THERMALE LAIT VELOUT\u00c9 CORPS LAIT HYDRATANT 24H 500 ML"},"content":{"rendered":"<div><strong>CONSEILS D'UTILISATION :<\/strong><\/div>\n<div>Appliquer au quotidien le lait velout\u00e9 corps Uriage apr\u00e8s la toilette.<\/div>","protected":false},"excerpt":{"rendered":"<div>Ce lait velout\u00e9, fluide et onctueux, fusionne imm\u00e9diatement avec la peau pour l\u2019hydrater intens\u00e9ment, la lisser et la r\u00e9conforter. Sa texture l\u00e9g\u00e8re, imm\u00e9diatement absorb\u00e9e, permet un habillage rapide. Votre peau est infiniment douce !<\/div>\n<div>\u00a0<\/div>\n<div>Hydrate intens\u00e9ment 24h<\/div>\n<div>Baign\u00e9e d\u2019Eau Thermale d\u2019Uriage, votre peau retrouve un niveau d\u2019hydratation optimal, un confort durable et son \u00e9clat naturel.\u00a0\u00a0<\/div>\n<div>\n<div>\u00a0<\/div>\n<div>Principes actifs<\/div>\n<div>Complexe Hydro-Thermal :<\/div>\n<div>Eau Thermale d&rsquo;Uriage<\/div>\n<div>Beurre de karit\u00e9<\/div>\n<div>Acide Hyaluronique<\/div>\n<div>Parfum<\/div>\n<div>Hypoallerg\u00e9nique<\/div>\n<div>\u00a0<\/div>\n<\/div>","protected":false},"featured_media":23630,"template":"","meta":{"arc_restricted_post":false},"product_cat":[48,333],"product_tag":[],"_links":{"self":[{"href":"https:\/\/www.sopha-sahara.com\/en\/wp-json\/wp\/v2\/product\/23429"}],"collection":[{"href":"https:\/\/www.sopha-sahara.com\/en\/wp-json\/wp\/v2\/product"}],"about":[{"href":"https:\/\/www.sopha-sahara.com\/en\/wp-json\/wp\/v2\/types\/product"}],"wp:featuredmedia":[{"embeddable":true,"href":"https:\/\/www.sopha-sahara.com\/en\/wp-json\/wp\/v2\/media\/23630"}],"wp:attachment":[{"href":"https:\/\/www.sopha-sahara.com\/en\/wp-json\/wp\/v2\/media?parent=23429"}],"wp:term":[{"taxonomy":"product_cat","embeddable":true,"href":"https:\/\/www.sopha-sahara.com\/en\/wp-json\/wp\/v2\/product_cat?post=23429"},{"taxonomy":"product_tag","embeddable":true,"href":"https:\/\/www.sopha-sahara.com\/en\/wp-json\/wp\/v2\/product_tag?post=23429"}],"curies":[{"name":"wp","href":"https:\/\/api.w.org\/{rel}","templated":true}]}}