{"id":23427,"date":"2020-12-15T10:55:56","date_gmt":"2020-12-15T09:55:56","guid":{"rendered":"https:\/\/www.interbusinesschamber.com\/produit\/uriage-eau-micellaire-thermale-sans-parfum-peaux-intolerantes-250ml\/"},"modified":"2020-12-30T10:31:57","modified_gmt":"2020-12-30T09:31:57","slug":"uriage-eau-micellaire-thermale-sans-parfum-peaux-intolerantes-250ml","status":"publish","type":"product","link":"https:\/\/www.sopha-sahara.com\/en\/product\/uriage-eau-micellaire-thermale-sans-parfum-peaux-intolerantes-250ml\/","title":{"rendered":"URIAGE EAU MICELLAIRE THERMALE SANS PARFUM PEAUX INTOLERANTES 250ML"},"content":{"rendered":"","protected":false},"excerpt":{"rendered":"<p>Les Eaux micellaires thermales d\u2019Uriage sont parfaitement adapt\u00e9es au d\u00e9maquillage de toutes les peaux gr\u00e2ce aux propri\u00e9t\u00e9s uniques de l\u2019Eau thermale d\u2019Uriage. Leurs tensioactifs non ioniques doux, constitutifs des micelles, agissent comme des aimants capturant efficacement le maquillage et les impuret\u00e9s.<br \/>D\u00e9maquille et nettoie :<br \/>Cette eau micellaire aux tensioactifs non ioniques doux \u00e9limine en douceur toutes les impuret\u00e9s de la peau. Sans parfum, elle est sp\u00e9cialement formul\u00e9e pour les peaux les plus intol\u00e9rantes.<br \/>Apaise :<br \/>Enrichie en glyc\u00e9rine pour son pouvoir apaisant et hydratant.<br \/>Pr\u00e9serve du dess\u00e8chement :<br \/>Enrichie en Eau thermale d\u2019Uriage hydratante.<\/p>","protected":false},"featured_media":23619,"template":"","meta":{"arc_restricted_post":false},"product_cat":[48,333],"product_tag":[],"_links":{"self":[{"href":"https:\/\/www.sopha-sahara.com\/en\/wp-json\/wp\/v2\/product\/23427"}],"collection":[{"href":"https:\/\/www.sopha-sahara.com\/en\/wp-json\/wp\/v2\/product"}],"about":[{"href":"https:\/\/www.sopha-sahara.com\/en\/wp-json\/wp\/v2\/types\/product"}],"wp:featuredmedia":[{"embeddable":true,"href":"https:\/\/www.sopha-sahara.com\/en\/wp-json\/wp\/v2\/media\/23619"}],"wp:attachment":[{"href":"https:\/\/www.sopha-sahara.com\/en\/wp-json\/wp\/v2\/media?parent=23427"}],"wp:term":[{"taxonomy":"product_cat","embeddable":true,"href":"https:\/\/www.sopha-sahara.com\/en\/wp-json\/wp\/v2\/product_cat?post=23427"},{"taxonomy":"product_tag","embeddable":true,"href":"https:\/\/www.sopha-sahara.com\/en\/wp-json\/wp\/v2\/product_tag?post=23427"}],"curies":[{"name":"wp","href":"https:\/\/api.w.org\/{rel}","templated":true}]}}