{"id":23426,"date":"2020-12-15T10:55:56","date_gmt":"2020-12-15T09:55:56","guid":{"rendered":"https:\/\/www.interbusinesschamber.com\/produit\/uriage-1ere-eau-nettoyant-sans-rincage-500ml\/"},"modified":"2020-12-29T17:46:03","modified_gmt":"2020-12-29T16:46:03","slug":"uriage-1ere-eau-nettoyant-sans-rincage-500ml","status":"publish","type":"product","link":"https:\/\/www.sopha-sahara.com\/en\/product\/uriage-1ere-eau-nettoyant-sans-rincage-500ml\/","title":{"rendered":"URIAGE 1\u00c8RE EAU NETTOYANT SANS RIN\u00c7AGE 500ML"},"content":{"rendered":"<p><strong>Indications :<\/strong><br \/>Toilette quotidienne du nourisson et du b\u00e9b\u00e9.<br \/>Nettoyant sans rin\u00e7age pour le visage, corps et siege du b\u00e9b\u00e9.<\/p>\n<p><strong>Formule :<\/strong><br \/>Hypoallergenique,sans paraben, et sans alcool.<br \/>60% eau thermale Uriage.<br \/>Uriage thermal spring water,\u00a0<span class=\"lien_chimie\">Aqua<\/span>,\u00a0<span class=\"lien_chimie\">glycerin<\/span>,\u00a0<span class=\"lien_chimie\">benzyl alcohol<\/span>, poloxamer 184,\u00a0<span class=\"lien_chimie\">PPG-26 buteth-26<\/span>,\u00a0<span class=\"lien_chimie\">PEG-80 glyceryl cocoate<\/span>, PEG-40\u00a0<span class=\"lien_chimie\">hydrogenated castor oil<\/span>, polyaminopropyl biguanide, fragance,\u00a0<span class=\"lien_chimie\">citric acid<\/span>, Aloe barbadensis.<\/p>\n<div>\u00a0<\/div>\n<p><span class=\"H4_titrecourant\"><strong>Conseils d'utilisation<\/strong>\u00a0:<\/span><br \/>Nettoie d\u00e9licatement et \u00e9limine les salissures.<br \/>S'applique avec un coton.<\/p>","protected":false},"excerpt":{"rendered":"<p>1\u00e8re eau est id\u00e9ale pour nettoyer et \u00e9liminer d\u00e9licatement les salissures de la peau.\u00a0<br \/>Sa formule \u00e0 base d&rsquo;eau thermale d&rsquo;Uriage aux vertus apaisantes et enrichie d&rsquo;actifs hydratants et adoucissants.\u00a0<br \/>En un seul geste, la peau du b\u00e9b\u00e9 est propre, douce, apais\u00e9e et agr\u00e9ablement parfum\u00e9e.<br \/>Existe en flacon d&rsquo;1 litre.<\/p>","protected":false},"featured_media":23548,"template":"","meta":{"arc_restricted_post":false},"product_cat":[48,333],"product_tag":[],"_links":{"self":[{"href":"https:\/\/www.sopha-sahara.com\/en\/wp-json\/wp\/v2\/product\/23426"}],"collection":[{"href":"https:\/\/www.sopha-sahara.com\/en\/wp-json\/wp\/v2\/product"}],"about":[{"href":"https:\/\/www.sopha-sahara.com\/en\/wp-json\/wp\/v2\/types\/product"}],"wp:featuredmedia":[{"embeddable":true,"href":"https:\/\/www.sopha-sahara.com\/en\/wp-json\/wp\/v2\/media\/23548"}],"wp:attachment":[{"href":"https:\/\/www.sopha-sahara.com\/en\/wp-json\/wp\/v2\/media?parent=23426"}],"wp:term":[{"taxonomy":"product_cat","embeddable":true,"href":"https:\/\/www.sopha-sahara.com\/en\/wp-json\/wp\/v2\/product_cat?post=23426"},{"taxonomy":"product_tag","embeddable":true,"href":"https:\/\/www.sopha-sahara.com\/en\/wp-json\/wp\/v2\/product_tag?post=23426"}],"curies":[{"name":"wp","href":"https:\/\/api.w.org\/{rel}","templated":true}]}}