{"id":23425,"date":"2020-12-15T10:55:56","date_gmt":"2020-12-15T09:55:56","guid":{"rendered":"https:\/\/www.interbusinesschamber.com\/produit\/uriage-eau-thermale-150ml\/"},"modified":"2020-12-30T10:32:42","modified_gmt":"2020-12-30T09:32:42","slug":"uriage-eau-thermale-150ml","status":"publish","type":"product","link":"https:\/\/www.sopha-sahara.com\/en\/product\/uriage-eau-thermale-150ml\/","title":{"rendered":"URIAGE EAU THERMALE 150ML"},"content":{"rendered":"<div><strong>Propri\u00e9tes:\u00a0<\/strong><\/div>\n<div>\u00a0<\/div>\n<div>A quelques m\u00e8tres de la source dans un centre de production ultra-moderne, le spray est conditionn\u00e9 \u00e0 la source, en salle st\u00e9rile, sans conservateur, sans parfum et conserve ainsi toute la richesse naturelle et la puret\u00e9 de l\u2019Eau.<\/div>\n<div>\n<div>\u00a0<\/div>\n<div><strong>Points forts:<\/strong><\/div>\n<div>\u00a0<\/div>\n<div>Le spray d\u2019Eau Thermale, c\u2019est l\u2019eau de soin id\u00e9al pour une cure d\u2019oligo-\u00e9l\u00e9ments et de sels min\u00e9raux au quotidien quel que soit le moment, quel que soit le besoin.<\/div>\n<div>\u00a0<\/div>\n<div><strong>-\u00a0<\/strong><em><strong>Une eau de soin qui<\/strong><strong>\u00a0soulage<\/strong><\/em><\/div>\n<div>Rougeurs, irritations, \u00e9ryth\u00e8mes fessiers, petits traitements chirurgicaux, d\u00e9mangeaisons, coups de soleil, probl\u00e8me de rasage pour les hommes.<\/div>\n<div>\u00a0<\/div>\n<div><strong>-\u00a0<\/strong><em><strong>Une eau de soin qui prot\u00e8ge et hydrate<\/strong><\/em><\/div>\n<div>Au quotidien, apr\u00e8s le d\u00e9maquillage, profitez de son action anti-radicalaire.<br \/>De plus, ses propri\u00e9t\u00e9s filmog\u00e8nes et hydratantes laissent la peau particuli\u00e8rement douce et velout\u00e9e.<\/div>\n<div>\u00a0<\/div>\n<div><strong>-\u00a0<\/strong><em><strong>Une Eau de soin qui rend la peau plus belle<\/strong><\/em><\/div>\n<div>Son utilisation au quotidien permet \u00e0 la peau de retrouver tout son \u00e9clat et sa vitalit\u00e9.<\/div>\n<div>\u00a0<\/div>\n<div><strong>-\u00a0<\/strong><em><strong>Une eau de soin qui rafra\u00eechit et fixe le maquillage<\/strong>\u00a0<\/em><br \/>En voyage, apr\u00e8s le sport, au moment de sortir... l\u2019Eau Thermale d\u2019Uriage procure du bien \u00eatre au quotidien.<\/div>\n<\/div>\n<div>\u00a0<\/div>\n<div><strong>Conseils d\u2019utilisation:<\/strong><\/div>\n<div>\u00a0<\/div>\n<div>Pulv\u00e9riser sur la peau autant que n\u00e9cessaire, laissez agir.<br \/>Ne pas s\u00e9cher, ni tamponner.<\/div>\n<div>\u00a0<\/div>\n<div><strong>Composition:<\/strong><\/div>\n<div>\u00a0<\/div>\n<div>100 % Eau Thermale d\u2019Uriage.<\/div>\n<div>Haute tol\u00e9rance :\u00a0 Hypoallerg\u00e9nique<\/div>\n<div>\u00a0<\/div>\n<div><strong>Pr\u00e9sentation\u00a0:<\/strong><\/div>\n<div>\u00a0<\/div>\n<div>Brumisateur de 150 ml.<\/div>","protected":false},"excerpt":{"rendered":"<p>Le spray d\u2019Eau Thermale d\u2019Uriage\u00a0: 100 % d\u2019Eau Thermale, 100% de bienfaits toujours avec soi\u00a0!<\/p>","protected":false},"featured_media":23620,"template":"","meta":{"arc_restricted_post":false},"product_cat":[48,333],"product_tag":[],"_links":{"self":[{"href":"https:\/\/www.sopha-sahara.com\/en\/wp-json\/wp\/v2\/product\/23425"}],"collection":[{"href":"https:\/\/www.sopha-sahara.com\/en\/wp-json\/wp\/v2\/product"}],"about":[{"href":"https:\/\/www.sopha-sahara.com\/en\/wp-json\/wp\/v2\/types\/product"}],"wp:featuredmedia":[{"embeddable":true,"href":"https:\/\/www.sopha-sahara.com\/en\/wp-json\/wp\/v2\/media\/23620"}],"wp:attachment":[{"href":"https:\/\/www.sopha-sahara.com\/en\/wp-json\/wp\/v2\/media?parent=23425"}],"wp:term":[{"taxonomy":"product_cat","embeddable":true,"href":"https:\/\/www.sopha-sahara.com\/en\/wp-json\/wp\/v2\/product_cat?post=23425"},{"taxonomy":"product_tag","embeddable":true,"href":"https:\/\/www.sopha-sahara.com\/en\/wp-json\/wp\/v2\/product_tag?post=23425"}],"curies":[{"name":"wp","href":"https:\/\/api.w.org\/{rel}","templated":true}]}}