{"id":23424,"date":"2020-12-15T10:55:55","date_gmt":"2020-12-15T09:55:55","guid":{"rendered":"https:\/\/www.interbusinesschamber.com\/produit\/uriage-bebe-1ere-lait-de-toilette-visage-et-corps-500ml\/"},"modified":"2020-12-30T09:49:40","modified_gmt":"2020-12-30T08:49:40","slug":"uriage-bebe-1ere-lait-de-toilette-visage-et-corps-500ml","status":"publish","type":"product","link":"https:\/\/www.sopha-sahara.com\/en\/product\/uriage-bebe-1ere-lait-de-toilette-visage-et-corps-500ml\/","title":{"rendered":"URIAGE BEBE 1\u00c8RE LAIT DE TOILETTE VISAGE ET CORPS 500ML"},"content":{"rendered":"<div class=\"product-tabs\">\n<div class=\"title-border\">\n<h4 class=\"h2\">Conseils d'utilisation<\/h4>\n<\/div>\n<div class=\"std\">\n<p>Appliquer avec un coton et renouveler l\u2019op\u00e9ration jusqu\u2019\u00e0 ce que la peau soit parfaitement propre.<\/p>\n<\/div>\n<\/div>\n<div class=\"product-tabs\">\n<div class=\"title-border\">\n<h4 class=\"h2\">Composition<\/h4>\n<\/div>\n<div class=\"std\">\n<p>Formule INCI : Aqua (water), hydrogenated polyisobutene, uriage thermal spring water, cetearyl ethylhexanoate, dicaprylyl carbonate, butyrospermum parkii (shea butter), glycerin, polysorbate 60, sodium acrylate \/ sodium acryloyldimethyl taurate copolymer, parfum (fragrance),\u00a0 isohexadecane, acrylates c10-30 alkyl acrylate crosspolymer, chlorphenesin, proctone olamine, tromethamine, polysorbate 80, cymen-5-ol, butylene glycol, centaurea cyanus flower water, sorbitan oleate, aloe barbadensis leaf extract.<\/p>\n<\/div>\n<\/div>","protected":false},"excerpt":{"rendered":"<p>URIAGE BEBE<br \/>Eau thermale<br \/>1er lait de toilette<br \/>Nettoie, adoucit et sans rin\u00e7age<br \/>Visage, corps et si\u00e8ge<br \/>500ml<\/p>\n<p>A base d\u2019Eau Thermale apaisante, ce lait de toilette frais, l\u00e9ger et agr\u00e9ablement parfum\u00e9 laisse la peau du b\u00e9b\u00e9 propre douce et confortable.<\/p>\n<p><em>Nettoie<\/em><br \/>Enrichi \u00e0 l&rsquo;Eau Thermale d&rsquo;Uriage, le lait \u00e9limine les impuret\u00e9s.<\/p>\n<p><em>Adoucit<\/em><br \/>L\u2019association de l\u2019Alo\u00e9 Vera et de l\u2019Eau Thermale d\u2019Uriage apaisent la peau sensible du b\u00e9b\u00e9.<\/p>\n<p>&nbsp;<\/p>","protected":false},"featured_media":23581,"template":"","meta":{"arc_restricted_post":false},"product_cat":[48,333],"product_tag":[],"_links":{"self":[{"href":"https:\/\/www.sopha-sahara.com\/en\/wp-json\/wp\/v2\/product\/23424"}],"collection":[{"href":"https:\/\/www.sopha-sahara.com\/en\/wp-json\/wp\/v2\/product"}],"about":[{"href":"https:\/\/www.sopha-sahara.com\/en\/wp-json\/wp\/v2\/types\/product"}],"wp:featuredmedia":[{"embeddable":true,"href":"https:\/\/www.sopha-sahara.com\/en\/wp-json\/wp\/v2\/media\/23581"}],"wp:attachment":[{"href":"https:\/\/www.sopha-sahara.com\/en\/wp-json\/wp\/v2\/media?parent=23424"}],"wp:term":[{"taxonomy":"product_cat","embeddable":true,"href":"https:\/\/www.sopha-sahara.com\/en\/wp-json\/wp\/v2\/product_cat?post=23424"},{"taxonomy":"product_tag","embeddable":true,"href":"https:\/\/www.sopha-sahara.com\/en\/wp-json\/wp\/v2\/product_tag?post=23424"}],"curies":[{"name":"wp","href":"https:\/\/api.w.org\/{rel}","templated":true}]}}