{"id":23423,"date":"2020-12-15T10:55:55","date_gmt":"2020-12-15T09:55:55","guid":{"rendered":"https:\/\/www.interbusinesschamber.com\/produit\/uriage-deodorant-puissance-3-roll-on-peaux-sensibles-50ml\/"},"modified":"2020-12-30T10:09:56","modified_gmt":"2020-12-30T09:09:56","slug":"uriage-deodorant-puissance-3-roll-on-peaux-sensibles-50ml","status":"publish","type":"product","link":"https:\/\/www.sopha-sahara.com\/en\/product\/uriage-deodorant-puissance-3-roll-on-peaux-sensibles-50ml\/","title":{"rendered":"URIAGE DEODORANT PUISSANCE 3 ROLL ON PEAUX SENSIBLES 50ML"},"content":{"rendered":"<div class=\"product-tabs\">\n<div class=\"title-border\">\n<h4 class=\"h2\">Conseils d'utilisation<\/h4>\n<\/div>\n<div class=\"std\">\n<p>Appliquer 1 \u00e0 2 fois sous les aisselles tous les matins apr\u00e8s la toilette et d\u00e8s que n\u00e9cessaire.<\/p>\n<\/div>\n<\/div>\n<div class=\"product-tabs\">\n<div class=\"title-border\">\n<h4 class=\"h2\">Composition<\/h4>\n<\/div>\n<div class=\"std\">\n<p>Formule INCI :\u00a0Aqua (Water), Aluminium Chlorohydrate, Butylene Glycol, Dimethicone, Steareth-2, Triethyl Citrate, Steareth-21, Propanediol, Parfum (Fragrance), Polyacrylate Crosspolymer-6 Tetrasodium Edta, Bisabolol, Ethylhexylglycerin, Rhamnose, Butyl Alcohol, Glucose, Glucuronic Acid.<\/p>\n<\/div>\n<\/div>","protected":false},"excerpt":{"rendered":"<p>URIAGE<br \/>D\u00e9odorant Puissance 3<br \/>Anti-odeurs<br \/>Anti-transpirant<br \/>Efficacit\u00e9 24h<br \/>Transpiration importante\u00a0<br \/>Peaux sensibles<br \/>Hypoallerg\u00e9nique<br \/>50ml<\/p>\n<p>Le d\u00e9odorant Uriage Puissance 3 :<\/p>\n<ul>\n<li>R\u00e9gule et limite la prolif\u00e9ration bact\u00e9rienne<\/li>\n<li>Anti- transpirant<\/li>\n<li>Anti-odeurs<\/li>\n<li>Apaise et adoucit<\/li>\n<\/ul>\n<p>\u00a0L&rsquo;eau thermale d&rsquo;Uriage et le Bisanolol prot\u00e8gent la barri\u00e8re cutan\u00e9e et apaisent.<\/p>\n<p>Les petits plus Uriage :<\/p>\n<ul>\n<li>Sans alcool<\/li>\n<li>Anti-traces blanches et jaunes<\/li>\n<li>Pas d&rsquo;effet carton sur les v\u00eatements<\/li>\n<li>Parfum mixte et d\u00e9licat.<\/li>\n<\/ul>\n<p>Convient parfaitement pour les peaux sensibles, autant pour les femmes que pour les hommes.\u00a0<\/p>","protected":false},"featured_media":23595,"template":"","meta":{"arc_restricted_post":false},"product_cat":[48,333],"product_tag":[],"_links":{"self":[{"href":"https:\/\/www.sopha-sahara.com\/en\/wp-json\/wp\/v2\/product\/23423"}],"collection":[{"href":"https:\/\/www.sopha-sahara.com\/en\/wp-json\/wp\/v2\/product"}],"about":[{"href":"https:\/\/www.sopha-sahara.com\/en\/wp-json\/wp\/v2\/types\/product"}],"wp:featuredmedia":[{"embeddable":true,"href":"https:\/\/www.sopha-sahara.com\/en\/wp-json\/wp\/v2\/media\/23595"}],"wp:attachment":[{"href":"https:\/\/www.sopha-sahara.com\/en\/wp-json\/wp\/v2\/media?parent=23423"}],"wp:term":[{"taxonomy":"product_cat","embeddable":true,"href":"https:\/\/www.sopha-sahara.com\/en\/wp-json\/wp\/v2\/product_cat?post=23423"},{"taxonomy":"product_tag","embeddable":true,"href":"https:\/\/www.sopha-sahara.com\/en\/wp-json\/wp\/v2\/product_tag?post=23423"}],"curies":[{"name":"wp","href":"https:\/\/api.w.org\/{rel}","templated":true}]}}