{"id":23422,"date":"2020-12-15T10:55:54","date_gmt":"2020-12-15T09:55:54","guid":{"rendered":"https:\/\/www.interbusinesschamber.com\/produit\/uriage-bebe-1ere-eau-nettoyante-visage-corps-et-siege-1l\/"},"modified":"2020-12-30T09:48:44","modified_gmt":"2020-12-30T08:48:44","slug":"uriage-bebe-1ere-eau-nettoyante-visage-corps-et-siege-1l","status":"publish","type":"product","link":"https:\/\/www.sopha-sahara.com\/en\/product\/uriage-bebe-1ere-eau-nettoyante-visage-corps-et-siege-1l\/","title":{"rendered":"URIAGE BEBE 1ERE EAU NETTOYANTE VISAGE CORPS ET SIEGE 1L"},"content":{"rendered":"<div class=\"product-tabs\">\n<div class=\"title-border\">\n<h4 class=\"h2\">Conseils d'utilisation<\/h4>\n<\/div>\n<div class=\"std\">\n<p>Appliquer avec un coton.<\/p>\n<\/div>\n<\/div>\n<div class=\"product-tabs\">\n<div class=\"title-border\">\n<h4 class=\"h2\">Composition<\/h4>\n<\/div>\n<div class=\"std\">\n<p>Formule INCI : Uriage thermal spring water, Aqua,PEG-40 hydrogenated castor oil,glycerin, \u00a0PEG-80 glyceryl cocoate,\u00a0parfum (fragrance), cetrimonium bromide, polyaminopropyl biguanide, aloe barbadensis leaf extract, citric acid.<\/p>\n<p><em>Hypoallerg\u00e9nique.\u00a0<br \/>Sans paraben.<\/em><\/p>\n<\/div>\n<\/div>","protected":false},"excerpt":{"rendered":"<p>URIAGE BEBE<br \/>Eau thermale<br \/>1\u00e8re eau nettoyante<br \/>Apaise, adoucit et sans rin\u00e7age<br \/>Visage, corps et si\u00e8ge<br \/>1L<\/p>\n<p>\u00c0 base d&rsquo;Eau Thermale d&rsquo;Uriage et enrichie en actifs hydratants et adoucissants, la 1\u00e8re Eau Nettoyante laisse la peau propre, douce et d\u00e9licatement parfum\u00e9e.<\/p>\n<p><em>Nettoie<\/em><br \/>Sa base nettoyante ultra-douce permet d\u2019\u00e9liminer en douceur les impuret\u00e9s et les salissures, sans rin\u00e7age.<\/p>\n<p><em>Apaise et adoucit<\/em><br \/>L\u2019Eau Thermale d\u2019Uriage associ\u00e9e \u00e0 l\u2019aloe vera, apaisent la peau sensible de b\u00e9b\u00e9. Apr\u00e8s application, la peau est douce.<\/p>","protected":false},"featured_media":23580,"template":"","meta":{"arc_restricted_post":false},"product_cat":[48,333],"product_tag":[],"_links":{"self":[{"href":"https:\/\/www.sopha-sahara.com\/en\/wp-json\/wp\/v2\/product\/23422"}],"collection":[{"href":"https:\/\/www.sopha-sahara.com\/en\/wp-json\/wp\/v2\/product"}],"about":[{"href":"https:\/\/www.sopha-sahara.com\/en\/wp-json\/wp\/v2\/types\/product"}],"wp:featuredmedia":[{"embeddable":true,"href":"https:\/\/www.sopha-sahara.com\/en\/wp-json\/wp\/v2\/media\/23580"}],"wp:attachment":[{"href":"https:\/\/www.sopha-sahara.com\/en\/wp-json\/wp\/v2\/media?parent=23422"}],"wp:term":[{"taxonomy":"product_cat","embeddable":true,"href":"https:\/\/www.sopha-sahara.com\/en\/wp-json\/wp\/v2\/product_cat?post=23422"},{"taxonomy":"product_tag","embeddable":true,"href":"https:\/\/www.sopha-sahara.com\/en\/wp-json\/wp\/v2\/product_tag?post=23422"}],"curies":[{"name":"wp","href":"https:\/\/api.w.org\/{rel}","templated":true}]}}