{"id":23421,"date":"2020-12-15T10:55:54","date_gmt":"2020-12-15T09:55:54","guid":{"rendered":"https:\/\/www.interbusinesschamber.com\/produit\/uriage-eau-micellaire-thermale-peaux-sujettes-aux-rougeurs-250ml\/"},"modified":"2020-12-30T10:31:36","modified_gmt":"2020-12-30T09:31:36","slug":"uriage-eau-micellaire-thermale-peaux-sujettes-aux-rougeurs-250ml","status":"publish","type":"product","link":"https:\/\/www.sopha-sahara.com\/en\/product\/uriage-eau-micellaire-thermale-peaux-sujettes-aux-rougeurs-250ml\/","title":{"rendered":"URIAGE EAU MICELLAIRE THERMALE PEAUX SUJETTES AUX ROUGEURS 250ML"},"content":{"rendered":"<p><strong>CONSEILS D'UTILISATION:<\/strong><\/p>\n<p>Imbibez un coton d\u2019Eau Micellaire Thermale et passez d\u00e9licatement sur le visage, les yeux et le cou pour nettoyer, sans rin\u00e7age. Parfaire le d\u00e9maquillage des yeux avec le D\u00e9maquillant Yeux Waterproof. Vaporisez de l\u2019Eau Thermale d\u2019Uriage sur l\u2019ensemble du visage et laissez p\u00e9n\u00e9trer. Ne pas s\u00e9cher. Terminez en appliquant votre soin quotidien.<\/p>\n<p>&nbsp;<\/p>\n<p><strong>COMPOSITION:<\/strong><\/p>\n<p>Aqua (Water), Polysorbate 20, Glycerin, Poloxamer 184, Caprylyl\/Capryl Glucoside, Cetrimonium Bromide, Polyaminopropyl Biguanide, Parfum (Fragrance), Prunus Armeniaca (Apricot) Fruit Extract, Citric Acid, Ascorbic Acid.<\/p>\n<p>&nbsp;<\/p>\n<p><strong>CONDITIONNEMENT:<\/strong><\/p>\n<p>Flacon de 250 mL.<\/p>","protected":false},"excerpt":{"rendered":"<p>Les Eaux Micellaires Thermales d\u2019Uriage sont parfaitement adapt\u00e9es au d\u00e9maquillage de toutes les peaux gr\u00e2ce aux propri\u00e9t\u00e9s uniques de l\u2019Eau Thermale d\u2019Uriage. Leurs tensioactifs non ioniques doux, constitutifs des micelles, agissent comme des aimants capturant efficacement le maquillage et les impuret\u00e9s.<\/p>\n<p>DEMAQUILLE ET NETTOIE:<\/p>\n<p>Cette eau micellaire aux tensioactifs non ioniques doux \u00e9limine en douceur toutes les impuret\u00e9s de la peau.<\/p>\n<p>APAISE:<\/p>\n<p>Enrichie en extrait d\u2019abricot pour son pouvoir apaisant.<\/p>\n<p>PRESERVE DU DESSECHEMENT:<\/p>\n<p>Enrichie en Eau Thermale d\u2019Uriage hydratante.<\/p>","protected":false},"featured_media":23618,"template":"","meta":{"arc_restricted_post":false},"product_cat":[48,333],"product_tag":[],"_links":{"self":[{"href":"https:\/\/www.sopha-sahara.com\/en\/wp-json\/wp\/v2\/product\/23421"}],"collection":[{"href":"https:\/\/www.sopha-sahara.com\/en\/wp-json\/wp\/v2\/product"}],"about":[{"href":"https:\/\/www.sopha-sahara.com\/en\/wp-json\/wp\/v2\/types\/product"}],"wp:featuredmedia":[{"embeddable":true,"href":"https:\/\/www.sopha-sahara.com\/en\/wp-json\/wp\/v2\/media\/23618"}],"wp:attachment":[{"href":"https:\/\/www.sopha-sahara.com\/en\/wp-json\/wp\/v2\/media?parent=23421"}],"wp:term":[{"taxonomy":"product_cat","embeddable":true,"href":"https:\/\/www.sopha-sahara.com\/en\/wp-json\/wp\/v2\/product_cat?post=23421"},{"taxonomy":"product_tag","embeddable":true,"href":"https:\/\/www.sopha-sahara.com\/en\/wp-json\/wp\/v2\/product_tag?post=23421"}],"curies":[{"name":"wp","href":"https:\/\/api.w.org\/{rel}","templated":true}]}}